{"id":1943,"date":"2021-02-23T15:13:30","date_gmt":"2021-02-23T20:13:30","guid":{"rendered":"https:\/\/www.nsmselfmanagement.ca?page_id=1943"},"modified":"2021-04-26T13:34:36","modified_gmt":"2021-04-26T17:34:36","slug":"formation-pour-les-professionnels-de-la-sante","status":"publish","type":"page","link":"https:\/\/www.nsmselfmanagement.ca\/fr\/formation-pour-les-professionnels-de-la-sante","title":{"rendered":"Formation pour les professionnels de la sant\u00e9"},"content":{"rendered":"<section class=\"wpb-content-wrapper\"><p>[vc_row css=\u00a0\u00bb.vc_custom_1603818104716{margin-top: 30px !important;}\u00a0\u00bb][vc_column][vc_column_text]<\/p>\n<h2>Formation pour les professionnels de la sant\u00e9<\/h2>\n<p>[\/vc_column_text][vc_empty_space height=\u00a0\u00bb15px\u00a0\u00bb hide_on_mobile=\u00a0\u00bb\u00a0\u00bb][vc_column_text]<\/p>\n<p>Pour les fournisseurs de soins de sant\u00e9 qui vivent ou travaillent dans la r\u00e9gion de Simcoe Nord Muskoka, nous offrons gratuitement des formations de perfectionnement professionnel en autogestion.<\/p>\n<p>[\/vc_column_text][vc_empty_space hide_on_mobile=\u00a0\u00bb\u00a0\u00bb][\/vc_column][\/vc_row][vc_row full_width=\u00a0\u00bbstretch_row\u00a0\u00bb css=\u00a0\u00bb.vc_custom_1603125517099{padding-top: 2em !important;padding-bottom: 2em !important;background-color: #d3e9d2 !important;}\u00a0\u00bb][vc_column][vc_row_inner][vc_column_inner][vc_column_text]<\/p>\n<p>Toutes les formations et ateliers sont:<\/p>\n<ul>\n<li>Ax\u00e9s sur le d\u00e9veloppement de comp\u00e9tences en communication pour aider \u00e0 appuyer l&rsquo;autogestion et motiver des changements de comportement sains.<\/li>\n<li>Fond\u00e9s sur des donn\u00e9es probantes, interactifs et donnent l&rsquo;occasion de mettre en pratique des comp\u00e9tences dans un milieu d&rsquo;apprentissage favorable.<\/li>\n<li>Pour r\u00e9server un atelier, il nous faut 12 \u00e0 25 participants; nous fournissons tout le mat\u00e9riel, le personnel form\u00e9, un petit d\u00e9jeuner l\u00e9ger et un d\u00eener complet.<\/li>\n<\/ul>\n<p>[\/vc_column_text][\/vc_column_inner][\/vc_row_inner][\/vc_column][\/vc_row][vc_row css=\u00a0\u00bb.vc_custom_1603125535262{margin-top: 2em !important;}\u00a0\u00bb][vc_column][vc_column_text el_class=\u00a0\u00bbred-text\u00a0\u00bb]<\/p>\n<h2>Aucun atelier pr\u00e9sentement pr\u00e9vu \u00e0 l\u2019horaire.<\/h2>\n<p>[\/vc_column_text][vc_column_text el_class=\u00a0\u00bbno-show\u00a0\u00bb]<\/p>\n<h2 style=\"color: #547856;\">Formation disponible&#8230;<\/h2>\n<p>[\/vc_column_text][vc_empty_space hide_on_mobile=\u00a0\u00bb\u00a0\u00bb]<div class=\"sc_courses sc_courses_default\" data-slides-per-view=\"4\" data-slides-min-width=\"150\"\t\t>\n\t\t<div class=\"sc_courses_columns sc_item_columns trx_addons_columns_wrap columns_padding_bottom\"><div class=\"trx_addons_column-1_4\"><div class=\"sc_courses_item trx_addons_hover trx_addons_hover_style_links\">\n\t\t<div class=\"sc_courses_item_thumb\">\n\t\t<img loading=\"lazy\" decoding=\"async\" width=\"555\" height=\"453\" src=\"https:\/\/www.nsmselfmanagement.ca\/wp-content\/uploads\/MICA-555x453.jpg\" class=\"attachment-basil-thumb-squarebig size-basil-thumb-squarebig wp-post-image\" alt=\"Motivational Interviewing Competency Assessment (MICA)\" \/>\t\t<span class=\"sc_courses_item_categories\"><a href=\"https:\/\/www.nsmselfmanagement.ca\/fr\/courses_group\/healthcare-professionals\" title=\"View all posts in Healthcare Professionals\">Healthcare Professionals<\/a> <a href=\"https:\/\/www.nsmselfmanagement.ca\/fr\/courses_group\/motivational-interviewing-foundations\" title=\"View all posts in Motivational Interviewing Foundations\">Motivational Interviewing Foundations<\/a><\/span>\n\t<\/div>\n\t\t<div class=\"registration-link\">\n\t\t<a href=\"https:\/\/www.nsmselfmanagement.ca\/registration\/form-standardized-patient-mica-coding\" aria-label=\"S'inscrire \u00e0 Motivational Interviewing Competency Assessment (MICA)\">Inscription<\/a>\n\t<\/div>\n\t<div class=\"sc_courses_item_info\">\n\t\t<div class=\"sc_courses_item_header\">\n\t\t\t<div class=\"sc_courses_item_meta\">\n\t\t\t\t<span class=\"sc_courses_item_meta_item sc_courses_item_meta_date icon-clock-1\">Start <span class=\"sc_courses_item_date\">Jan 15 2030 1:30 PM<\/span><\/span>\n\t\t\t\t\t<span class=\"sc_courses_item_meta_item sc_courses_item_meta_duration\">1 hour<\/span>\t\t\t\t\n\t\t\t\t<div class=\"courses_acf\">\n\t\t\t\t\t\tOnline\t\t\t\t<\/div>\t\t\t\t\n\t\t\t\t\t<div class=\"sc_courses_item_price\"><\/div>\n\t\t\t\t\t<\/div>\n\t\t\t\t\t<h3 class=\"sc_courses_item_title\"><a href=\"https:\/\/www.nsmselfmanagement.ca\/courses\/motivational-interviewing-competency-assessment-mica\">Motivational Interviewing Competency Assessment (MICA)<\/a><\/h3>\n\t\t\t\t\t\n\t\t\t\t<\/div>\n\n\t\t\t<\/div>\n\t\t\t<div class=\"trx_addons_hover_content\">\n\t\t\t\t\t\t\t\t<div class=\"trx_addons_hover_text\">This 1-hour session provides healthcare providers the opportunity to practice Motivational Interviewing with a trained standardized patient and receive supportive feedback.<\/div>\n\t\t\t\t\t\t\t\t<div class=\"trx_addons_hover_links\">\n\t\t\t\t\t<a href=\"https:\/\/www.nsmselfmanagement.ca\/courses\/motivational-interviewing-competency-assessment-mica\" aria-label=\"En savoir plus sur l\u2019atelier Motivational Interviewing Competency Assessment (MICA)\" class=\"trx_addons_hover_link\">En savoir plus<\/a>\n\t\t\t\t\t\t\t\t\t<\/div>\n\t\t\t<\/div>\n\t\t<\/div>\n\t\t<\/div><div class=\"trx_addons_column-1_4\"><div class=\"sc_courses_item trx_addons_hover trx_addons_hover_style_links\">\n\t\t<div class=\"sc_courses_item_thumb\">\n\t\t<img loading=\"lazy\" decoding=\"async\" width=\"555\" height=\"450\" src=\"https:\/\/www.nsmselfmanagement.ca\/wp-content\/uploads\/Foundations-of-Motivational-Interviewing-1-555x450.jpg\" class=\"attachment-basil-thumb-squarebig size-basil-thumb-squarebig wp-post-image\" alt=\"Fondements de l&rsquo;entretien motivationnel\" \/>\t\t<span class=\"sc_courses_item_categories\"><a href=\"https:\/\/www.nsmselfmanagement.ca\/fr\/courses_group\/les-professionnels-de-la-sante\" title=\"View all posts in les professionnels de la sant\u00e9\">les professionnels de la sant\u00e9<\/a><\/span>\n\t<\/div>\n\t\t<div class=\"registration-link\">\n\t\t<a href=\"https:\/\/www.nsmselfmanagement.ca\/fr\/inscription\/forme-fondements-de-lentretien-motivationnel\" aria-label=\"S'inscrire \u00e0 Fondements de l&rsquo;entretien motivationnel\">Inscription<\/a>\n\t<\/div>\n\t<div class=\"sc_courses_item_info\">\n\t\t<div class=\"sc_courses_item_header\">\n\t\t\t<div class=\"sc_courses_item_meta\">\n\t\t\t\t<span class=\"sc_courses_item_meta_item sc_courses_item_meta_date icon-clock-1\">Start <span class=\"sc_courses_item_date\">Jan 1 2030 <\/span><\/span>\n\t\t\t\t\t<span class=\"sc_courses_item_meta_item sc_courses_item_meta_duration\"><\/span>\t\t\t\t\n\t\t\t\t<div class=\"courses_acf\">\n\t\t\t\t\t\tOnline\t\t\t\t<\/div>\t\t\t\t\n\t\t\t\t\t<div class=\"sc_courses_item_price\"><\/div>\n\t\t\t\t\t<\/div>\n\t\t\t\t\t<h3 class=\"sc_courses_item_title\"><a href=\"https:\/\/www.nsmselfmanagement.ca\/fr\/courses\/fondements-de-lentretien-motivationnel\">Fondements de l&rsquo;entretien motivationnel<\/a><\/h3>\n\t\t\t\t\t\n\t\t\t\t<\/div>\n\n\t\t\t<\/div>\n\t\t\t<div class=\"trx_addons_hover_content\">\n\t\t\t\t\t\t\t\t<div class=\"trx_addons_hover_text\">Atelier de 16 heures offrant un aper\u00e7u complet des fondements de l&#039;entretien motivationnel. Nous offrons cet atelier sous forme de s\u00e9rie \u00e0 quatre volets (4,5 heures par session) qui peut s&#039;\u00e9chelonner sur plusieurs mois.<\/div>\n\t\t\t\t\t\t\t\t<div class=\"trx_addons_hover_links\">\n\t\t\t\t\t<a href=\"https:\/\/www.nsmselfmanagement.ca\/fr\/courses\/fondements-de-lentretien-motivationnel\" aria-label=\"En savoir plus sur l\u2019atelier Fondements de l&rsquo;entretien motivationnel\" class=\"trx_addons_hover_link\">En savoir plus<\/a>\n\t\t\t\t\t\t\t\t\t<\/div>\n\t\t\t<\/div>\n\t\t<\/div>\n\t\t<\/div><div class=\"trx_addons_column-1_4\"><div class=\"sc_courses_item trx_addons_hover trx_addons_hover_style_links\">\n\t\t<div class=\"sc_courses_item_thumb\">\n\t\t<img loading=\"lazy\" decoding=\"async\" width=\"555\" height=\"450\" src=\"https:\/\/www.nsmselfmanagement.ca\/wp-content\/uploads\/Brief-Action-Planning-555x450.jpg\" class=\"attachment-basil-thumb-squarebig size-basil-thumb-squarebig wp-post-image\" alt=\"Le plan d\u2019action sommaire : Entretiens motivationnels fond\u00e9s sur des plans d\u2019action\" \/>\t\t<span class=\"sc_courses_item_categories\"><a href=\"https:\/\/www.nsmselfmanagement.ca\/fr\/courses_group\/les-professionnels-de-la-sante\" title=\"View all posts in les professionnels de la sant\u00e9\">les professionnels de la sant\u00e9<\/a><\/span>\n\t<\/div>\n\t\t<div class=\"registration-link\">\n\t\t<a href=\"https:\/\/www.nsmselfmanagement.ca\/fr\/registration\/form-forme-le-plan-daction-sommaire-entretiens-motivationnels-fondes-sur-des-plans-daction\" aria-label=\"S'inscrire \u00e0 Le plan d\u2019action sommaire : Entretiens motivationnels fond\u00e9s sur des plans d\u2019action\">Inscription<\/a>\n\t<\/div>\n\t<div class=\"sc_courses_item_info\">\n\t\t<div class=\"sc_courses_item_header\">\n\t\t\t<div class=\"sc_courses_item_meta\">\n\t\t\t\t<span class=\"sc_courses_item_meta_item sc_courses_item_meta_date icon-clock-1\">Start <span class=\"sc_courses_item_date\">Jan 1 2030 <\/span><\/span>\n\t\t\t\t\t<span class=\"sc_courses_item_meta_item sc_courses_item_meta_duration\"><\/span>\t\t\t\t\n\t\t\t\t<div class=\"courses_acf\">\n\t\t\t\t\t\tOnline\t\t\t\t<\/div>\t\t\t\t\n\t\t\t\t\t<div class=\"sc_courses_item_price\"><\/div>\n\t\t\t\t\t<\/div>\n\t\t\t\t\t<h3 class=\"sc_courses_item_title\"><a href=\"https:\/\/www.nsmselfmanagement.ca\/fr\/courses\/le-plan-daction-sommaire-entretiens-motivationnels-fondes-sur-des-plans-daction\">Le plan d\u2019action sommaire : Entretiens motivationnels fond\u00e9s sur des plans d\u2019action<\/a><\/h3>\n\t\t\t\t\t\n\t\t\t\t<\/div>\n\n\t\t\t<\/div>\n\t\t\t<div class=\"trx_addons_hover_content\">\n\t\t\t\t\t\t\t\t<div class=\"trx_addons_hover_text\">Atelier qui passe en revue trois styles d&#039;entretien motivationnel hautement structur\u00e9 ax\u00e9s sur des outils de conversation auxquels on peut recourir pour \u00e9laborer un plan d&#039;action.<\/div>\n\t\t\t\t\t\t\t\t<div class=\"trx_addons_hover_links\">\n\t\t\t\t\t<a href=\"https:\/\/www.nsmselfmanagement.ca\/fr\/courses\/le-plan-daction-sommaire-entretiens-motivationnels-fondes-sur-des-plans-daction\" aria-label=\"En savoir plus sur l\u2019atelier Le plan d\u2019action sommaire : Entretiens motivationnels fond\u00e9s sur des plans d\u2019action\" class=\"trx_addons_hover_link\">En savoir plus<\/a>\n\t\t\t\t\t\t\t\t\t<\/div>\n\t\t\t<\/div>\n\t\t<\/div>\n\t\t<\/div><div class=\"trx_addons_column-1_4\"><div class=\"sc_courses_item trx_addons_hover trx_addons_hover_style_links\">\n\t\t<div class=\"sc_courses_item_thumb\">\n\t\t<img loading=\"lazy\" decoding=\"async\" width=\"555\" height=\"450\" src=\"https:\/\/www.nsmselfmanagement.ca\/wp-content\/uploads\/Empathy-Effect-555x450.jpg\" class=\"attachment-basil-thumb-squarebig size-basil-thumb-squarebig wp-post-image\" alt=\"Effet de l&#8217;empathie : Lutter contre les pr\u00e9jug\u00e9s pour am\u00e9liorer les r\u00e9sultats de sant\u00e9\" \/>\t\t<span class=\"sc_courses_item_categories\"><a href=\"https:\/\/www.nsmselfmanagement.ca\/fr\/courses_group\/les-professionnels-de-la-sante\" title=\"View all posts in les professionnels de la sant\u00e9\">les professionnels de la sant\u00e9<\/a><\/span>\n\t<\/div>\n\t\t<div class=\"registration-link\">\n\t\t<a href=\"https:\/\/www.nsmselfmanagement.ca\/fr\/registration\/forme-effet-de-lempathie-lutter-contre-les-prejuges-pour-ameliorer-les-resultats-de-sante\" aria-label=\"S'inscrire \u00e0 Effet de l&#8217;empathie : Lutter contre les pr\u00e9jug\u00e9s pour am\u00e9liorer les r\u00e9sultats de sant\u00e9\">Inscription<\/a>\n\t<\/div>\n\t<div class=\"sc_courses_item_info\">\n\t\t<div class=\"sc_courses_item_header\">\n\t\t\t<div class=\"sc_courses_item_meta\">\n\t\t\t\t<span class=\"sc_courses_item_meta_item sc_courses_item_meta_date icon-clock-1\">Start <span class=\"sc_courses_item_date\">Jan 1 2030 <\/span><\/span>\n\t\t\t\t\t<span class=\"sc_courses_item_meta_item sc_courses_item_meta_duration\"><\/span>\t\t\t\t\n\t\t\t\t<div class=\"courses_acf\">\n\t\t\t\t\t\tOnline\t\t\t\t<\/div>\t\t\t\t\n\t\t\t\t\t<div class=\"sc_courses_item_price\"><\/div>\n\t\t\t\t\t<\/div>\n\t\t\t\t\t<h3 class=\"sc_courses_item_title\"><a href=\"https:\/\/www.nsmselfmanagement.ca\/fr\/courses\/effet-de-lempathie-lutter-contre-les-prejuges-pour-ameliorer-les-resultats-de-sante\">Effet de l&#8217;empathie : Lutter contre les pr\u00e9jug\u00e9s pour am\u00e9liorer les r\u00e9sultats de sant\u00e9<\/a><\/h3>\n\t\t\t\t\t\n\t\t\t\t<\/div>\n\n\t\t\t<\/div>\n\t\t\t<div class=\"trx_addons_hover_content\">\n\t\t\t\t\t\t\t\t<div class=\"trx_addons_hover_text\">Atelier de base pour toute personne oeuvrant en soins de sant\u00e9 o\u00f9 l&#039;on passe en revue la fa\u00e7on dont notre capacit\u00e9 \u00e0 transmettre de l\u2019empathie en tant que personnes et d&#039;organismes a une incidence directe sur les r\u00e9sultats de sant\u00e9 du patient.<\/div>\n\t\t\t\t\t\t\t\t<div class=\"trx_addons_hover_links\">\n\t\t\t\t\t<a href=\"https:\/\/www.nsmselfmanagement.ca\/fr\/courses\/effet-de-lempathie-lutter-contre-les-prejuges-pour-ameliorer-les-resultats-de-sante\" aria-label=\"En savoir plus sur l\u2019atelier Effet de l&#8217;empathie : Lutter contre les pr\u00e9jug\u00e9s pour am\u00e9liorer les r\u00e9sultats de sant\u00e9\" class=\"trx_addons_hover_link\">En savoir plus<\/a>\n\t\t\t\t\t\t\t\t\t<\/div>\n\t\t\t<\/div>\n\t\t<\/div>\n\t\t<\/div><\/div><\/div><!-- \/.sc_courses -->[\/vc_column][\/vc_row][vc_row full_width=\u00a0\u00bbstretch_row\u00a0\u00bb css=\u00a0\u00bb.vc_custom_1607444561913{margin-top: 30px !important;padding-top: 1em !important;padding-bottom: 1em !important;background-color: #d3e9d2 !important;}\u00a0\u00bb el_id=\u00a0\u00bbhome-cta\u00a0\u00bb][vc_column][vc_row_inner equal_height=\u00a0\u00bbyes\u00a0\u00bb][vc_column_inner width=\u00a0\u00bb1\/2&Prime;][vc_column_text css=\u00a0\u00bb.vc_custom_1614111087489{margin-top: 10px !important;}\u00a0\u00bb]<\/p>\n<h3 style=\"margin-top: 0px;\">\u00cates-vous int\u00e9ress\u00e9 \u00e0 devenir animateur?<\/h3>\n<p>[\/vc_column_text][\/vc_column_inner][vc_column_inner width=\u00a0\u00bb1\/2&Prime;][vc_btn title=\u00a0\u00bbEngagez-vous\u00a0\u00bb style=\u00a0\u00bbclassic\u00a0\u00bb color=\u00a0\u00bbwhite\u00a0\u00bb align=\u00a0\u00bbcenter\u00a0\u00bb el_class=\u00a0\u00bbdark-green-btn\u00a0\u00bb css=\u00a0\u00bb.vc_custom_1614111137906{margin-bottom: 0px !important;}\u00a0\u00bb link=\u00a0\u00bburl:https%3A%2F%2Fwww.nsmselfmanagement.ca%2Ffr%2Fdevenir-animateur|||\u00a0\u00bb][\/vc_column_inner][\/vc_row_inner][\/vc_column][\/vc_row]<\/p>\n<\/section>","protected":false},"excerpt":{"rendered":"<p>[vc_row css=\u00a0\u00bb.vc_custom_1603818104716{margin-top: 30px !important;}\u00a0\u00bb][vc_column][vc_column_text] Formation pour les professionnels de la sant\u00e9 [\/vc_column_text][vc_empty_space height=\u00a0\u00bb15px\u00a0\u00bb hide_on_mobile=\u00a0\u00bb\u00a0\u00bb][vc_column_text] Pour les fournisseurs de soins de sant\u00e9 qui vivent ou travaillent dans la r\u00e9gion de Simcoe Nord Muskoka, nous offrons gratuitement des formations de perfectionnement professionnel en autogestion. [\/vc_column_text][vc_empty_space hide_on_mobile=\u00a0\u00bb\u00a0\u00bb][\/vc_column][\/vc_row][vc_row full_width=\u00a0\u00bbstretch_row\u00a0\u00bb css=\u00a0\u00bb.vc_custom_1603125517099{padding-top: 2em !important;padding-bottom: 2em !important;background-color: #d3e9d2 !important;}\u00a0\u00bb][vc_column][vc_row_inner][vc_column_inner][vc_column_text] Toutes les formations et ateliers sont: Ax\u00e9s sur&hellip;<\/p>\n","protected":false},"author":1,"featured_media":1407,"parent":0,"menu_order":0,"comment_status":"closed","ping_status":"closed","template":"","meta":{"_mi_skip_tracking":false,"_exactmetrics_sitenote_active":false,"_exactmetrics_sitenote_note":"","_exactmetrics_sitenote_category":0,"footnotes":""},"class_list":["post-1943","page","type-page","status-publish","has-post-thumbnail","hentry"],"acf":[],"aioseo_notices":[],"_links":{"self":[{"href":"https:\/\/www.nsmselfmanagement.ca\/fr\/wp-json\/wp\/v2\/pages\/1943","targetHints":{"allow":["GET"]}}],"collection":[{"href":"https:\/\/www.nsmselfmanagement.ca\/fr\/wp-json\/wp\/v2\/pages"}],"about":[{"href":"https:\/\/www.nsmselfmanagement.ca\/fr\/wp-json\/wp\/v2\/types\/page"}],"author":[{"embeddable":true,"href":"https:\/\/www.nsmselfmanagement.ca\/fr\/wp-json\/wp\/v2\/users\/1"}],"replies":[{"embeddable":true,"href":"https:\/\/www.nsmselfmanagement.ca\/fr\/wp-json\/wp\/v2\/comments?post=1943"}],"version-history":[{"count":4,"href":"https:\/\/www.nsmselfmanagement.ca\/fr\/wp-json\/wp\/v2\/pages\/1943\/revisions"}],"predecessor-version":[{"id":2125,"href":"https:\/\/www.nsmselfmanagement.ca\/fr\/wp-json\/wp\/v2\/pages\/1943\/revisions\/2125"}],"wp:featuredmedia":[{"embeddable":true,"href":"https:\/\/www.nsmselfmanagement.ca\/fr\/wp-json\/wp\/v2\/media\/1407"}],"wp:attachment":[{"href":"https:\/\/www.nsmselfmanagement.ca\/fr\/wp-json\/wp\/v2\/media?parent=1943"}],"curies":[{"name":"wp","href":"https:\/\/api.w.org\/{rel}","templated":true}]}}