{"id":1941,"date":"2021-02-23T15:05:20","date_gmt":"2021-02-23T20:05:20","guid":{"rendered":"https:\/\/www.nsmselfmanagement.ca?page_id=1941"},"modified":"2021-04-06T10:29:38","modified_gmt":"2021-04-06T14:29:38","slug":"ateliers-pour-les-personnes-ayant-des-problemes-de-sante","status":"publish","type":"page","link":"https:\/\/www.nsmselfmanagement.ca\/fr\/ateliers-pour-les-personnes-ayant-des-problemes-de-sante","title":{"rendered":"Ateliers pour les personnes ayant des probl\u00e8mes de sant\u00e9"},"content":{"rendered":"<section class=\"wpb-content-wrapper\"><p>[vc_row css=\u00a0\u00bb.vc_custom_1604429442194{margin-top: 2em !important;}\u00a0\u00bb][vc_column][vc_column_text]<\/p>\n<h2><span data-sheets-value=\"{&quot;1&quot;:2,&quot;2&quot;:&quot;Soutien aux personnes ayant des probl\u00e8mes de sant\u00e9&quot;}\" data-sheets-userformat=\"{&quot;2&quot;:14463,&quot;3&quot;:{&quot;1&quot;:0,&quot;3&quot;:1},&quot;4&quot;:[null,2,16777215],&quot;5&quot;:{&quot;1&quot;:[{&quot;1&quot;:2,&quot;2&quot;:0,&quot;5&quot;:{&quot;1&quot;:0}},{&quot;1&quot;:0,&quot;2&quot;:0,&quot;3&quot;:3},{&quot;1&quot;:1,&quot;2&quot;:0,&quot;4&quot;:1}]},&quot;6&quot;:{&quot;1&quot;:[{&quot;1&quot;:2,&quot;2&quot;:0,&quot;5&quot;:{&quot;1&quot;:0}},{&quot;1&quot;:0,&quot;2&quot;:0,&quot;3&quot;:3},{&quot;1&quot;:1,&quot;2&quot;:0,&quot;4&quot;:1}]},&quot;7&quot;:{&quot;1&quot;:[{&quot;1&quot;:2,&quot;2&quot;:0,&quot;5&quot;:{&quot;1&quot;:0}},{&quot;1&quot;:0,&quot;2&quot;:0,&quot;3&quot;:3},{&quot;1&quot;:1,&quot;2&quot;:0,&quot;4&quot;:1}]},&quot;8&quot;:{&quot;1&quot;:[{&quot;1&quot;:2,&quot;2&quot;:0,&quot;5&quot;:{&quot;1&quot;:0}},{&quot;1&quot;:0,&quot;2&quot;:0,&quot;3&quot;:3},{&quot;1&quot;:1,&quot;2&quot;:0,&quot;4&quot;:1}]},&quot;9&quot;:0,&quot;14&quot;:[null,2,0],&quot;15&quot;:&quot;Arial&quot;,&quot;16&quot;:12}\">Soutien aux personnes ayant des probl\u00e8mes de sant\u00e9<\/span><\/h2>\n<p>[\/vc_column_text][vc_empty_space hide_on_mobile=\u00a0\u00bb\u00a0\u00bb][vc_column_text]<\/p>\n<p>Le programme d&rsquo;autogestion de Simcoe Nord Muskoka offre des ateliers gratuits pour aider les gens \u00e0 prendre en charge leur sant\u00e9, tout en vivant avec des probl\u00e8mes de sant\u00e9 comme le diab\u00e8te, les maladies cardiaques, l&rsquo;arthrite, les maladies pulmonaires et d&rsquo;autres probl\u00e8mes de sant\u00e9 chroniques.<\/p>\n<p>[\/vc_column_text][vc_column_text]<\/p>\n<p>&nbsp;<\/p>\n<p>Ateliers d&rsquo;autogestion Vivre en sant\u00e9<\/p>\n<ul>\n<li>Ateliers gratuits de six \u00e0 l&rsquo;intention de patients adultes et de soignants<\/li>\n<li>\u00c9labor\u00e9 par l&rsquo;Universit\u00e9 Stanford, et s&rsquo;ins\u00e9rant dans le Stanford Chronic Disease Self-Management Program<\/li>\n<li>2,5 heures par semaine en groupes de 10 \u00e0 16 participants<\/li>\n<li>Men\u00e9s par des animateurs b\u00e9n\u00e9voles qui ont suivi une formation et ayant une ou plusieurs maladies chroniques<\/li>\n<li>Offert dans les langues suivantes: fran\u00e7ais, anglais<\/li>\n<\/ul>\n<p>[\/vc_column_text][vc_empty_space hide_on_mobile=\u00a0\u00bb\u00a0\u00bb][\/vc_column][\/vc_row][vc_row full_width=\u00a0\u00bbstretch_row\u00a0\u00bb css=\u00a0\u00bb.vc_custom_1603125857720{padding-top: 1.5em !important;padding-bottom: 2em !important;background-color: #d3e9d2 !important;}\u00a0\u00bb][vc_column][vc_row_inner css=\u00a0\u00bb.vc_custom_1603125820502{margin-top: 0px !important;padding-top: 0px !important;}\u00a0\u00bb][vc_column_inner][vc_column_text]<\/p>\n<h3>Qui peut y assister?<\/h3>\n<p>Tous les programmes et services s\u2019adressent aux personnes de plus de 18 ans qui souffrent d&rsquo;un probl\u00e8me de sant\u00e9 \u00e0 long terme.<\/p>\n<p>N&rsquo;importe qui peut s&rsquo;inscrire aux ateliers; aucun renvoi d&rsquo;un professionnel des soins de sant\u00e9 n&rsquo;est requis.<\/p>\n<p>[\/vc_column_text][vc_column_text]<\/p>\n<h3>Qui anime le programme?<\/h3>\n<p>Les programmes sont anim\u00e9s par des personnes qui poss\u00e8dent de l\u2019exp\u00e9rience \u00e0 vivre avec divers probl\u00e8mes de sant\u00e9 \u00e0 long terme; ces personnes ont \u00e9galement suivi une formation sur le mat\u00e9riel fond\u00e9 sur des donn\u00e9es probantes. Elles ont \u00e9t\u00e9 s\u00e9lectionn\u00e9es et form\u00e9es pour offrir une vari\u00e9t\u00e9 de s\u00e9ances de formation dans la r\u00e9gion de SNM.<\/p>\n<p>[\/vc_column_text][vc_column_text]<\/p>\n<h3>Quel est le co\u00fbt pour y participer?<\/h3>\n<p>La participation est gratuite.<\/p>\n<p>[\/vc_column_text][\/vc_column_inner][\/vc_row_inner][\/vc_column][\/vc_row][vc_row css=\u00a0\u00bb.vc_custom_1603125666264{margin-top: 2em !important;}\u00a0\u00bb][vc_column][vc_column_text]<\/p>\n<h2><span style=\"color: #547656;\">Ateliers disponibles<\/span><\/h2>\n<p>[\/vc_column_text][vc_empty_space hide_on_mobile=\u00a0\u00bb\u00a0\u00bb]<div class=\"sc_courses sc_courses_default  vc_custom_1614118131708\" data-slides-per-view=\"3\" data-slides-min-width=\"150\"\t\t>\n\t\t<div class=\"sc_courses_columns sc_item_columns trx_addons_columns_wrap columns_padding_bottom\"><div class=\"trx_addons_column-1_3\"><div class=\"sc_courses_item trx_addons_hover trx_addons_hover_style_links\">\n\t\t<div class=\"sc_courses_item_thumb\">\n\t\t<img loading=\"lazy\" decoding=\"async\" width=\"555\" height=\"453\" src=\"https:\/\/www.nsmselfmanagement.ca\/wp-content\/uploads\/striving-thriving-with-cancer-555x453.jpg\" class=\"attachment-basil-thumb-squarebig size-basil-thumb-squarebig wp-post-image\" alt=\"Cancer Thriving and Surviving\" \/>\t\t<span class=\"sc_courses_item_categories\"><a href=\"https:\/\/www.nsmselfmanagement.ca\/fr\/courses_group\/chronic-conditions\" title=\"View all posts in Chronic Conditions\">Chronic Conditions<\/a> <a href=\"https:\/\/www.nsmselfmanagement.ca\/fr\/courses_group\/chronic-pain\" title=\"View all posts in Chronic Pain\">Chronic Pain<\/a> <a href=\"https:\/\/www.nsmselfmanagement.ca\/fr\/courses_group\/health-conditions\" title=\"View all posts in Health Conditions\">Health Conditions<\/a><\/span>\n\t<\/div>\n\t\t<div class=\"registration-link\">\n\t\t<a href=\"https:\/\/www.nsmselfmanagement.ca\/registration\/cancer-thriving-and-surviving\" aria-label=\"S'inscrire \u00e0 Cancer Thriving and Surviving\">Inscription<\/a>\n\t<\/div>\n\t<div class=\"sc_courses_item_info\">\n\t\t<div class=\"sc_courses_item_header\">\n\t\t\t<div class=\"sc_courses_item_meta\">\n\t\t\t\t<span class=\"sc_courses_item_meta_item sc_courses_item_meta_date icon-clock-1\">Start <span class=\"sc_courses_item_date\">Jan 1 2030 <\/span><\/span>\n\t\t\t\t\t<span class=\"sc_courses_item_meta_item sc_courses_item_meta_duration\">6 Weeks<\/span>\t\t\t\t\n\t\t\t\t<div class=\"courses_acf\">\n\t\t\t\t\t\tOnline\t\t\t\t<\/div>\t\t\t\t\n\t\t\t\t\t<div class=\"sc_courses_item_price\"><\/div>\n\t\t\t\t\t<\/div>\n\t\t\t\t\t<h3 class=\"sc_courses_item_title\"><a href=\"https:\/\/www.nsmselfmanagement.ca\/courses\/cancer-thriving-and-surviving\">Cancer Thriving and Surviving<\/a><\/h3>\n\t\t\t\t\t\n\t\t\t\t<\/div>\n\n\t\t\t<\/div>\n\t\t\t<div class=\"trx_addons_hover_content\">\n\t\t\t\t\t\t\t\t<div class=\"trx_addons_hover_text\">This free workshop supports individuals living with or affected by cancer, offering skills, resources, and confidence to manage health, stay active, and strengthen relationships. <\/div>\n\t\t\t\t\t\t\t\t<div class=\"trx_addons_hover_links\">\n\t\t\t\t\t<a href=\"https:\/\/www.nsmselfmanagement.ca\/courses\/cancer-thriving-and-surviving\" aria-label=\"En savoir plus sur l\u2019atelier Cancer Thriving and Surviving\" class=\"trx_addons_hover_link\">En savoir plus<\/a>\n\t\t\t\t\t\t\t\t\t<\/div>\n\t\t\t<\/div>\n\t\t<\/div>\n\t\t<\/div><div class=\"trx_addons_column-1_3\"><div class=\"sc_courses_item trx_addons_hover trx_addons_hover_style_links\">\n\t\t<div class=\"sc_courses_item_thumb\">\n\t\t<img loading=\"lazy\" decoding=\"async\" width=\"555\" height=\"453\" src=\"https:\/\/www.nsmselfmanagement.ca\/wp-content\/uploads\/action-planning-555x453.jpg\" class=\"attachment-basil-thumb-squarebig size-basil-thumb-squarebig wp-post-image\" alt=\"Action Plan Club\" \/>\t\t<span class=\"sc_courses_item_categories\"><a href=\"https:\/\/www.nsmselfmanagement.ca\/fr\/courses_group\/chronic-pain\" title=\"View all posts in Chronic Pain\">Chronic Pain<\/a> <a href=\"https:\/\/www.nsmselfmanagement.ca\/fr\/courses_group\/health-conditions\" title=\"View all posts in Health Conditions\">Health Conditions<\/a><\/span>\n\t<\/div>\n\t\t<div class=\"registration-link\">\n\t\t<a href=\"https:\/\/www.nsmselfmanagement.ca\/registration\/action-plan-club\" aria-label=\"S'inscrire \u00e0 Action Plan Club\">Inscription<\/a>\n\t<\/div>\n\t<div class=\"sc_courses_item_info\">\n\t\t<div class=\"sc_courses_item_header\">\n\t\t\t<div class=\"sc_courses_item_meta\">\n\t\t\t\t<span class=\"sc_courses_item_meta_item sc_courses_item_meta_date icon-clock-1\">Start <span class=\"sc_courses_item_date\">Jan 1 2030 <\/span><\/span>\n\t\t\t\t\t<span class=\"sc_courses_item_meta_item sc_courses_item_meta_duration\">6 Weeks<\/span>\t\t\t\t\n\t\t\t\t<div class=\"courses_acf\">\n\t\t\t\t\t\tOnline\t\t\t\t<\/div>\t\t\t\t\n\t\t\t\t\t<div class=\"sc_courses_item_price\"><\/div>\n\t\t\t\t\t<\/div>\n\t\t\t\t\t<h3 class=\"sc_courses_item_title\"><a href=\"https:\/\/www.nsmselfmanagement.ca\/courses\/action-plan-club\">Action Plan Club<\/a><\/h3>\n\t\t\t\t\t\n\t\t\t\t<\/div>\n\n\t\t\t<\/div>\n\t\t\t<div class=\"trx_addons_hover_content\">\n\t\t\t\t\t\t\t\t<div class=\"trx_addons_hover_text\">Join this weekly group for individuals with chronic conditions to connect, share support, and build momentum toward a healthier life.<\/div>\n\t\t\t\t\t\t\t\t<div class=\"trx_addons_hover_links\">\n\t\t\t\t\t<a href=\"https:\/\/www.nsmselfmanagement.ca\/courses\/action-plan-club\" aria-label=\"En savoir plus sur l\u2019atelier Action Plan Club\" class=\"trx_addons_hover_link\">En savoir plus<\/a>\n\t\t\t\t\t\t\t\t\t<\/div>\n\t\t\t<\/div>\n\t\t<\/div>\n\t\t<\/div><div class=\"trx_addons_column-1_3\"><div class=\"sc_courses_item trx_addons_hover trx_addons_hover_style_links\">\n\t\t<div class=\"sc_courses_item_thumb\">\n\t\t<img loading=\"lazy\" decoding=\"async\" width=\"555\" height=\"453\" src=\"https:\/\/www.nsmselfmanagement.ca\/wp-content\/uploads\/Untitled-design-3-555x453.jpg\" class=\"attachment-basil-thumb-squarebig size-basil-thumb-squarebig wp-post-image\" alt=\"Powerful Tools for Caregivers\" \/>\t\t<span class=\"sc_courses_item_categories\"><a href=\"https:\/\/www.nsmselfmanagement.ca\/fr\/courses_group\/chronic-pain\" title=\"View all posts in Chronic Pain\">Chronic Pain<\/a> <a href=\"https:\/\/www.nsmselfmanagement.ca\/fr\/courses_group\/health-conditions\" title=\"View all posts in Health Conditions\">Health Conditions<\/a><\/span>\n\t<\/div>\n\t\t<div class=\"registration-link\">\n\t\t<a href=\"https:\/\/www.nsmselfmanagement.ca\/registration\/powerful-tools-for-caregivers\" aria-label=\"S'inscrire \u00e0 Powerful Tools for Caregivers\">Inscription<\/a>\n\t<\/div>\n\t<div class=\"sc_courses_item_info\">\n\t\t<div class=\"sc_courses_item_header\">\n\t\t\t<div class=\"sc_courses_item_meta\">\n\t\t\t\t<span class=\"sc_courses_item_meta_item sc_courses_item_meta_date icon-clock-1\">Start <span class=\"sc_courses_item_date\">Jan 1 2030 <\/span><\/span>\n\t\t\t\t\t<span class=\"sc_courses_item_meta_item sc_courses_item_meta_duration\">6 Weeks<\/span>\t\t\t\t\n\t\t\t\t<div class=\"courses_acf\">\n\t\t\t\t\t\tOnline\t\t\t\t<\/div>\t\t\t\t\n\t\t\t\t\t<div class=\"sc_courses_item_price\"><\/div>\n\t\t\t\t\t<\/div>\n\t\t\t\t\t<h3 class=\"sc_courses_item_title\"><a href=\"https:\/\/www.nsmselfmanagement.ca\/courses\/powerful-tools-for-caregivers\">Powerful Tools for Caregivers<\/a><\/h3>\n\t\t\t\t\t\n\t\t\t\t<\/div>\n\n\t\t\t<\/div>\n\t\t\t<div class=\"trx_addons_hover_content\">\n\t\t\t\t\t\t\t\t<div class=\"trx_addons_hover_text\">The Powerful Tools for Caregivers workshop gives you the skills to take care of yourself while caring for someone else.  By taking care of your own health and well-being, you become a better caregiver.<\/div>\n\t\t\t\t\t\t\t\t<div class=\"trx_addons_hover_links\">\n\t\t\t\t\t<a href=\"https:\/\/www.nsmselfmanagement.ca\/courses\/powerful-tools-for-caregivers\" aria-label=\"En savoir plus sur l\u2019atelier Powerful Tools for Caregivers\" class=\"trx_addons_hover_link\">En savoir plus<\/a>\n\t\t\t\t\t\t\t\t\t<\/div>\n\t\t\t<\/div>\n\t\t<\/div>\n\t\t<\/div><div class=\"trx_addons_column-1_3\"><div class=\"sc_courses_item trx_addons_hover trx_addons_hover_style_links\">\n\t\t<div class=\"sc_courses_item_thumb\">\n\t\t<img loading=\"lazy\" decoding=\"async\" width=\"555\" height=\"450\" src=\"https:\/\/www.nsmselfmanagement.ca\/wp-content\/uploads\/Chronic-Conditions.jpg\" class=\"attachment-basil-thumb-squarebig size-basil-thumb-squarebig wp-post-image\" alt=\"Vivre en sant\u00e9 avec une maladie chronique\" srcset=\"https:\/\/www.nsmselfmanagement.ca\/wp-content\/uploads\/Chronic-Conditions.jpg 555w, https:\/\/www.nsmselfmanagement.ca\/wp-content\/uploads\/Chronic-Conditions-300x243.jpg 300w, https:\/\/www.nsmselfmanagement.ca\/wp-content\/uploads\/Chronic-Conditions-370x300.jpg 370w\" sizes=\"auto, (max-width: 555px) 100vw, 555px\" \/>\t\t<span class=\"sc_courses_item_categories\"><a href=\"https:\/\/www.nsmselfmanagement.ca\/fr\/courses_group\/les-personnes-ayant-des-problemes-de-sante\" title=\"View all posts in les personnes ayant des probl\u00e8mes de sant\u00e9\">les personnes ayant des probl\u00e8mes de sant\u00e9<\/a><\/span>\n\t<\/div>\n\t\t<div class=\"registration-link\">\n\t\t<a href=\"https:\/\/www.nsmselfmanagement.ca\/fr\/registration\/forme-vivre-en-sante-avec-une-maladie-chronique\" aria-label=\"S'inscrire \u00e0 Vivre en sant\u00e9 avec une maladie chronique\">Inscription<\/a>\n\t<\/div>\n\t<div class=\"sc_courses_item_info\">\n\t\t<div class=\"sc_courses_item_header\">\n\t\t\t<div class=\"sc_courses_item_meta\">\n\t\t\t\t<span class=\"sc_courses_item_meta_item sc_courses_item_meta_date icon-clock-1\">Start <span class=\"sc_courses_item_date\">Jan 1 2030 <\/span><\/span>\n\t\t\t\t\t<span class=\"sc_courses_item_meta_item sc_courses_item_meta_duration\"><\/span>\t\t\t\t\n\t\t\t\t<div class=\"courses_acf\">\n\t\t\t\t\t\tOnline\t\t\t\t<\/div>\t\t\t\t\n\t\t\t\t\t<div class=\"sc_courses_item_price\"><\/div>\n\t\t\t\t\t<\/div>\n\t\t\t\t\t<h3 class=\"sc_courses_item_title\"><a href=\"https:\/\/www.nsmselfmanagement.ca\/fr\/courses\/vivre-en-sante-avec-une-maladie-chronique\">Vivre en sant\u00e9 avec une maladie chronique<\/a><\/h3>\n\t\t\t\t\t\n\t\t\t\t<\/div>\n\n\t\t\t<\/div>\n\t\t\t<div class=\"trx_addons_hover_content\">\n\t\t\t\t\t\t\t\t<div class=\"trx_addons_hover_text\">Vivre en sant\u00e9 avec une maladie chronique est un atelier de six semaines pour toute personne souffrant d&#039;une maladie chronique. Cela pourrait inclure le diab\u00e8te, les maladies cardiaques, l\u2019arthrite, les maladies pulmonaires et d\u2019autres probl\u00e8mes de sant\u00e9 chroniques. Les ateliers sont tr\u00e8s interactifs.<\/div>\n\t\t\t\t\t\t\t\t<div class=\"trx_addons_hover_links\">\n\t\t\t\t\t<a href=\"https:\/\/www.nsmselfmanagement.ca\/fr\/courses\/vivre-en-sante-avec-une-maladie-chronique\" aria-label=\"En savoir plus sur l\u2019atelier Vivre en sant\u00e9 avec une maladie chronique\" class=\"trx_addons_hover_link\">En savoir plus<\/a>\n\t\t\t\t\t\t\t\t\t<\/div>\n\t\t\t<\/div>\n\t\t<\/div>\n\t\t<\/div><div class=\"trx_addons_column-1_3\"><div class=\"sc_courses_item trx_addons_hover trx_addons_hover_style_links\">\n\t\t<div class=\"sc_courses_item_thumb\">\n\t\t<img loading=\"lazy\" decoding=\"async\" width=\"555\" height=\"453\" src=\"https:\/\/www.nsmselfmanagement.ca\/wp-content\/uploads\/Untitled-design-1-2-555x453.jpg\" class=\"attachment-basil-thumb-squarebig size-basil-thumb-squarebig wp-post-image\" alt=\"Vivre en sant\u00e9 avec le diab\u00e8te\" \/>\t\t<span class=\"sc_courses_item_categories\"><a href=\"https:\/\/www.nsmselfmanagement.ca\/fr\/courses_group\/les-personnes-ayant-des-problemes-de-sante\" title=\"View all posts in les personnes ayant des probl\u00e8mes de sant\u00e9\">les personnes ayant des probl\u00e8mes de sant\u00e9<\/a><\/span>\n\t<\/div>\n\t\t<div class=\"registration-link\">\n\t\t<a href=\"https:\/\/www.nsmselfmanagement.ca\/registration\/living-a-healthy-life-with-diabetes\" aria-label=\"S'inscrire \u00e0 Vivre en sant\u00e9 avec le diab\u00e8te\">Inscription<\/a>\n\t<\/div>\n\t<div class=\"sc_courses_item_info\">\n\t\t<div class=\"sc_courses_item_header\">\n\t\t\t<div class=\"sc_courses_item_meta\">\n\t\t\t\t<span class=\"sc_courses_item_meta_item sc_courses_item_meta_date icon-clock-1\">Start <span class=\"sc_courses_item_date\">Jan 1 2030 <\/span><\/span>\n\t\t\t\t\t<span class=\"sc_courses_item_meta_item sc_courses_item_meta_duration\"><\/span>\t\t\t\t\n\t\t\t\t<div class=\"courses_acf\">\n\t\t\t\t\t\tOnline\t\t\t\t<\/div>\t\t\t\t\n\t\t\t\t\t<div class=\"sc_courses_item_price\"><\/div>\n\t\t\t\t\t<\/div>\n\t\t\t\t\t<h3 class=\"sc_courses_item_title\"><a href=\"https:\/\/www.nsmselfmanagement.ca\/fr\/courses\/vivre-en-sante-avec-le-diabete\">Vivre en sant\u00e9 avec le diab\u00e8te<\/a><\/h3>\n\t\t\t\t\t\n\t\t\t\t<\/div>\n\n\t\t\t<\/div>\n\t\t\t<div class=\"trx_addons_hover_content\">\n\t\t\t\t\t\t\t\t<div class=\"trx_addons_hover_text\">Vivre en sant\u00e9 avec le diab\u00e8te est un atelier de six semaines pour toute personne diab\u00e9tique, en particulier les personnes atteintes de type 2 et de pr\u00e9diab\u00e8te. Les ateliers sont tr\u00e8s interactifs.<\/div>\n\t\t\t\t\t\t\t\t<div class=\"trx_addons_hover_links\">\n\t\t\t\t\t<a href=\"https:\/\/www.nsmselfmanagement.ca\/fr\/courses\/vivre-en-sante-avec-le-diabete\" aria-label=\"En savoir plus sur l\u2019atelier Vivre en sant\u00e9 avec le diab\u00e8te\" class=\"trx_addons_hover_link\">En savoir plus<\/a>\n\t\t\t\t\t\t\t\t\t<\/div>\n\t\t\t<\/div>\n\t\t<\/div>\n\t\t<\/div><div class=\"trx_addons_column-1_3\"><div class=\"sc_courses_item trx_addons_hover trx_addons_hover_style_links\">\n\t\t<div class=\"sc_courses_item_thumb\">\n\t\t<img loading=\"lazy\" decoding=\"async\" width=\"555\" height=\"450\" src=\"https:\/\/www.nsmselfmanagement.ca\/wp-content\/uploads\/Chronic-Pain.jpg\" class=\"attachment-basil-thumb-squarebig size-basil-thumb-squarebig wp-post-image\" alt=\"Vivre en sant\u00e9 avec la douleur chronique\" srcset=\"https:\/\/www.nsmselfmanagement.ca\/wp-content\/uploads\/Chronic-Pain.jpg 555w, https:\/\/www.nsmselfmanagement.ca\/wp-content\/uploads\/Chronic-Pain-300x243.jpg 300w, https:\/\/www.nsmselfmanagement.ca\/wp-content\/uploads\/Chronic-Pain-370x300.jpg 370w\" sizes=\"auto, (max-width: 555px) 100vw, 555px\" \/>\t\t<span class=\"sc_courses_item_categories\"><a href=\"https:\/\/www.nsmselfmanagement.ca\/fr\/courses_group\/les-personnes-ayant-des-problemes-de-sante\" title=\"View all posts in les personnes ayant des probl\u00e8mes de sant\u00e9\">les personnes ayant des probl\u00e8mes de sant\u00e9<\/a><\/span>\n\t<\/div>\n\t\t<div class=\"registration-link\">\n\t\t<a href=\"https:\/\/www.nsmselfmanagement.ca\/fr\/inscription\/forme-vivre-en-sante-avec-la-douleur-chronique\" aria-label=\"S'inscrire \u00e0 Vivre en sant\u00e9 avec la douleur chronique\">Inscription<\/a>\n\t<\/div>\n\t<div class=\"sc_courses_item_info\">\n\t\t<div class=\"sc_courses_item_header\">\n\t\t\t<div class=\"sc_courses_item_meta\">\n\t\t\t\t<span class=\"sc_courses_item_meta_item sc_courses_item_meta_date icon-clock-1\">Start <span class=\"sc_courses_item_date\">Jan 1 2030 <\/span><\/span>\n\t\t\t\t\t<span class=\"sc_courses_item_meta_item sc_courses_item_meta_duration\"><\/span>\t\t\t\t\n\t\t\t\t<div class=\"courses_acf\">\n\t\t\t\t\t\tOnline\t\t\t\t<\/div>\t\t\t\t\n\t\t\t\t\t<div class=\"sc_courses_item_price\"><\/div>\n\t\t\t\t\t<\/div>\n\t\t\t\t\t<h3 class=\"sc_courses_item_title\"><a href=\"https:\/\/www.nsmselfmanagement.ca\/fr\/courses\/vivre-en-sante-avec-la-douleur-chronique\">Vivre en sant\u00e9 avec la douleur chronique<\/a><\/h3>\n\t\t\t\t\t\n\t\t\t\t<\/div>\n\n\t\t\t<\/div>\n\t\t\t<div class=\"trx_addons_hover_content\">\n\t\t\t\t\t\t\t\t<div class=\"trx_addons_hover_text\">Vivre une vie saine avec la douleur chronique est un atelier de six semaines pour toute personne qui souffre de douleur pouvant inclure, mais sans s&#039;y limiter, les douleurs lombaires, les douleurs caus\u00e9es par un accident de la route, l&#039;arthrite, la fibromyalgie, etc. <\/div>\n\t\t\t\t\t\t\t\t<div class=\"trx_addons_hover_links\">\n\t\t\t\t\t<a href=\"https:\/\/www.nsmselfmanagement.ca\/fr\/courses\/vivre-en-sante-avec-la-douleur-chronique\" aria-label=\"En savoir plus sur l\u2019atelier Vivre en sant\u00e9 avec la douleur chronique\" class=\"trx_addons_hover_link\">En savoir plus<\/a>\n\t\t\t\t\t\t\t\t\t<\/div>\n\t\t\t<\/div>\n\t\t<\/div>\n\t\t<\/div><\/div><\/div><!-- \/.sc_courses -->[\/vc_column][\/vc_row][vc_row full_width=\u00a0\u00bbstretch_row\u00a0\u00bb css=\u00a0\u00bb.vc_custom_1607378757920{margin-top: 30px !important;padding-top: 1em !important;padding-bottom: 1em !important;background-color: #d3e9d2 !important;}\u00a0\u00bb el_id=\u00a0\u00bbhome-cta\u00a0\u00bb][vc_column][vc_row_inner equal_height=\u00a0\u00bbyes\u00a0\u00bb][vc_column_inner width=\u00a0\u00bb1\/2&Prime;][vc_column_text css=\u00a0\u00bb.vc_custom_1614110613739{margin-top: 10px !important;}\u00a0\u00bb]<\/p>\n<h3 style=\"margin-top: 0px;\">\u00cates-vous int\u00e9ress\u00e9 \u00e0 devenir pair animateur?<\/h3>\n<p>[\/vc_column_text][\/vc_column_inner][vc_column_inner width=\u00a0\u00bb1\/2&Prime;][vc_btn title=\u00a0\u00bbEngagez-vous\u00a0\u00bb style=\u00a0\u00bbclassic\u00a0\u00bb color=\u00a0\u00bbwhite\u00a0\u00bb align=\u00a0\u00bbcenter\u00a0\u00bb el_class=\u00a0\u00bbdark-green-btn\u00a0\u00bb css=\u00a0\u00bb.vc_custom_1614110656478{margin-bottom: 0px !important;}\u00a0\u00bb link=\u00a0\u00bburl:https%3A%2F%2Fwww.nsmselfmanagement.ca%2Ffr%2Fdevenir-pair-animateur|||\u00a0\u00bb el_id=\u00a0\u00bbget-involved-as-peer-leader\u00a0\u00bb][\/vc_column_inner][\/vc_row_inner][\/vc_column][\/vc_row]<\/p>\n<\/section>","protected":false},"excerpt":{"rendered":"<p>[vc_row css=\u00a0\u00bb.vc_custom_1604429442194{margin-top: 2em !important;}\u00a0\u00bb][vc_column][vc_column_text] Soutien aux personnes ayant des probl\u00e8mes de sant\u00e9 [\/vc_column_text][vc_empty_space hide_on_mobile=\u00a0\u00bb\u00a0\u00bb][vc_column_text] Le programme d&rsquo;autogestion de Simcoe Nord Muskoka offre des ateliers gratuits pour aider les gens \u00e0 prendre en charge leur sant\u00e9, tout en vivant avec des probl\u00e8mes de sant\u00e9 comme le diab\u00e8te, les maladies cardiaques, l&rsquo;arthrite, les maladies pulmonaires et d&rsquo;autres probl\u00e8mes de sant\u00e9 chroniques. [\/vc_column_text][vc_column_text]&hellip;<\/p>\n","protected":false},"author":1,"featured_media":1409,"parent":0,"menu_order":0,"comment_status":"closed","ping_status":"closed","template":"","meta":{"_mi_skip_tracking":false,"_exactmetrics_sitenote_active":false,"_exactmetrics_sitenote_note":"","_exactmetrics_sitenote_category":0,"footnotes":""},"class_list":["post-1941","page","type-page","status-publish","has-post-thumbnail","hentry"],"acf":[],"aioseo_notices":[],"_links":{"self":[{"href":"https:\/\/www.nsmselfmanagement.ca\/fr\/wp-json\/wp\/v2\/pages\/1941","targetHints":{"allow":["GET"]}}],"collection":[{"href":"https:\/\/www.nsmselfmanagement.ca\/fr\/wp-json\/wp\/v2\/pages"}],"about":[{"href":"https:\/\/www.nsmselfmanagement.ca\/fr\/wp-json\/wp\/v2\/types\/page"}],"author":[{"embeddable":true,"href":"https:\/\/www.nsmselfmanagement.ca\/fr\/wp-json\/wp\/v2\/users\/1"}],"replies":[{"embeddable":true,"href":"https:\/\/www.nsmselfmanagement.ca\/fr\/wp-json\/wp\/v2\/comments?post=1941"}],"version-history":[{"count":4,"href":"https:\/\/www.nsmselfmanagement.ca\/fr\/wp-json\/wp\/v2\/pages\/1941\/revisions"}],"predecessor-version":[{"id":2079,"href":"https:\/\/www.nsmselfmanagement.ca\/fr\/wp-json\/wp\/v2\/pages\/1941\/revisions\/2079"}],"wp:featuredmedia":[{"embeddable":true,"href":"https:\/\/www.nsmselfmanagement.ca\/fr\/wp-json\/wp\/v2\/media\/1409"}],"wp:attachment":[{"href":"https:\/\/www.nsmselfmanagement.ca\/fr\/wp-json\/wp\/v2\/media?parent=1941"}],"curies":[{"name":"wp","href":"https:\/\/api.w.org\/{rel}","templated":true}]}}