{"id":1940,"date":"2021-03-01T16:42:18","date_gmt":"2021-03-01T21:42:18","guid":{"rendered":"https:\/\/www.nsmselfmanagement.ca?page_id=1940"},"modified":"2021-06-11T09:24:20","modified_gmt":"2021-06-11T13:24:20","slug":"acceuil","status":"publish","type":"page","link":"https:\/\/www.nsmselfmanagement.ca\/fr","title":{"rendered":"Acceuil"},"content":{"rendered":"<section class=\"wpb-content-wrapper\"><p>[vc_row full_width=\u00a0\u00bbstretch_row_content_no_spaces\u00a0\u00bb][vc_column][rev_slider_vc alias=\u00a0\u00bbhomeslider1&Prime;][\/vc_column][\/vc_row][vc_row][vc_column][vc_column_text]<\/p>\n<p>[\/vc_column_text][\/vc_column][\/vc_row][vc_row full_width=\u00a0\u00bbstretch_row_content_no_spaces\u00a0\u00bb equal_height=\u00a0\u00bbyes\u00a0\u00bb el_id=\u00a0\u00bbhome-workshops\u00a0\u00bb css=\u00a0\u00bb.vc_custom_1605110743696{margin-top: 0px !important;}\u00a0\u00bb][vc_column width=\u00a0\u00bb1\/2&Prime; css=\u00a0\u00bb.vc_custom_1607371220098{padding-top: 2em !important;padding-right: 4em !important;padding-bottom: 2em !important;padding-left: 4em !important;background-color: #d3eceb !important;}\u00a0\u00bb][vc_column_text]<\/p>\n<h2 style=\"text-align: center;\">Ateliers pour personnes ayant des probl\u00e8mes de sant\u00e9<\/h2>\n<p>[\/vc_column_text][vc_empty_space hide_on_mobile=\u00a0\u00bb\u00a0\u00bb][vc_btn title=\u00a0\u00bbTrouver un atelier\u00a0\u00bb style=\u00a0\u00bbclassic\u00a0\u00bb color=\u00a0\u00bbblue\u00a0\u00bb align=\u00a0\u00bbcenter\u00a0\u00bb el_class=\u00a0\u00bbbright-blue-btn\u00a0\u00bb link=\u00a0\u00bburl:https%3A%2F%2Fwww.nsmselfmanagement.ca%2Ffr%2Fateliers-pour-les-personnes-ayant-des-problemes-de-sante|||\u00a0\u00bb][\/vc_column][vc_column width=\u00a0\u00bb1\/2&Prime; css=\u00a0\u00bb.vc_custom_1607371228532{padding-top: 2em !important;padding-right: 4em !important;padding-bottom: 2em !important;padding-left: 4em !important;background-color: #d3e9d2 !important;}\u00a0\u00bb][vc_column_text]<\/p>\n<h2 style=\"text-align: center;\">Formation pour professionnels de la sant\u00e9<\/h2>\n<p>[\/vc_column_text][vc_empty_space hide_on_mobile=\u00a0\u00bb\u00a0\u00bb][vc_btn title=\u00a0\u00bbVoir nos programmes\u00a0\u00bb style=\u00a0\u00bbclassic\u00a0\u00bb color=\u00a0\u00bbblue\u00a0\u00bb align=\u00a0\u00bbcenter\u00a0\u00bb el_class=\u00a0\u00bbdark-green-btn\u00a0\u00bb link=\u00a0\u00bburl:https%3A%2F%2Fwww.nsmselfmanagement.ca%2Ffr%2Fformation-pour-les-professionnels-de-la-sante|||\u00a0\u00bb][\/vc_column][\/vc_row][vc_row full_width=\u00a0\u00bbstretch_row_content_no_spaces\u00a0\u00bb css=\u00a0\u00bb.vc_custom_1595969873719{background-image: url(https:\/\/www.nsmselfmanagement.ca\/wp-content\/uploads\/Background-Image.jpg?id=1051) !important;background-position: center !important;background-repeat: no-repeat !important;background-size: cover !important;}\u00a0\u00bb][vc_column width=\u00a0\u00bb1\/4&Prime;][\/vc_column][vc_column width=\u00a0\u00bb1\/2&Prime; css=\u00a0\u00bb.vc_custom_1607371264917{padding-top: 1em !important;padding-bottom: 1em !important;background-color: #ffffff !important;}\u00a0\u00bb][vc_column_text css=\u00a0\u00bb.vc_custom_1617718321223{padding-right: 10% !important;padding-left: 10% !important;}\u00a0\u00bb]<\/p>\n<h2 style=\"text-align: center;\">\u00c0 propos du programme d&rsquo;autogestion de Simcoe Nord Muskoka<\/h2>\n<p style=\"text-align: center;\"><span data-sheets-value=\"{&quot;1&quot;:2,&quot;2&quot;:&quot;Nous sommes une ressource unique et diversifi\u00e9e pour les personnes qui vivent avec une maladie chronique et les fournisseurs de soins de sant\u00e9 qui servent notre communaut\u00e9.&quot;}\" data-sheets-userformat=\"{&quot;2&quot;:14593,&quot;3&quot;:{&quot;1&quot;:0,&quot;3&quot;:1},&quot;11&quot;:4,&quot;14&quot;:{&quot;1&quot;:3,&quot;3&quot;:1},&quot;15&quot;:&quot;Arial&quot;,&quot;16&quot;:11}\">Nous sommes une ressource unique et diversifi\u00e9e pour les personnes qui vivent avec une maladie chronique et les fournisseurs de soins de sant\u00e9 qui servent notre communaut\u00e9.<\/span><\/p>\n<p>[\/vc_column_text][vc_empty_space hide_on_mobile=\u00a0\u00bb\u00a0\u00bb][vc_btn title=\u00a0\u00bb\u00c0 propos du PASNM\u00a0\u00bb style=\u00a0\u00bbclassic\u00a0\u00bb color=\u00a0\u00bbblue\u00a0\u00bb align=\u00a0\u00bbcenter\u00a0\u00bb el_class=\u00a0\u00bblight-green-btn\u00a0\u00bb link=\u00a0\u00bburl:https%3A%2F%2Fwww.nsmselfmanagement.ca%2Ffr%2Fa-notre-sujet|||\u00a0\u00bb][\/vc_column][vc_column width=\u00a0\u00bb1\/4&Prime;][\/vc_column][\/vc_row][vc_row full_width=\u00a0\u00bbstretch_row\u00a0\u00bb css=\u00a0\u00bb.vc_custom_1613108943410{padding-top: 1em !important;padding-bottom: 1em !important;background-color: #1979a9 !important;}\u00a0\u00bb][vc_column][vc_row_inner equal_height=\u00a0\u00bbyes\u00a0\u00bb][vc_column_inner width=\u00a0\u00bb1\/2&Prime;][vc_column_text css=\u00a0\u00bb.vc_custom_1614635630534{margin-top: 0px !important;}\u00a0\u00bb]<\/p>\n<h3 style=\"margin-top: 0; color: #ffffff;\">Devenez pair animateur b\u00e9n\u00e9vole et faites une diff\u00e9rence<\/h3>\n<p>[\/vc_column_text][\/vc_column_inner][vc_column_inner width=\u00a0\u00bb1\/2&Prime;][vc_btn title=\u00a0\u00bbEngagez-vous\u00a0\u00bb style=\u00a0\u00bbclassic\u00a0\u00bb shape=\u00a0\u00bbround\u00a0\u00bb color=\u00a0\u00bbwhite\u00a0\u00bb align=\u00a0\u00bbcenter\u00a0\u00bb el_class=\u00a0\u00bbwhite-btn\u00a0\u00bb css=\u00a0\u00bb.vc_custom_1614635669003{margin-bottom: 0px !important;}\u00a0\u00bb link=\u00a0\u00bburl:https%3A%2F%2Fwww.nsmselfmanagement.ca%2Ffr%2Fdevenir-pair-animateur|||\u00a0\u00bb el_id=\u00a0\u00bbget-involved-as-peer-leader\u00a0\u00bb][\/vc_column_inner][\/vc_row_inner][\/vc_column][\/vc_row][vc_row gap=\u00a0\u00bb20&Prime; css=\u00a0\u00bb.vc_custom_1608571590562{padding-top: 4em !important;padding-bottom: 4em !important;}\u00a0\u00bb][vc_column]<div class=\"scheme_default sc_testimonials sc_testimonials_simple swiper-slider-container slider_swiper slider_noresize slider_nocontrols slider_pagination\" data-slides-min-width=\"150\"\t\t>\n\t\t<div class=\"sc_testimonials_slider sc_item_slider slides swiper-wrapper\"><div class=\"swiper-slide\">\t\t\t<div class=\"sc_testimonials_item\">\n\t\t\t\t<div class=\"sc_testimonials_item_content\"><p>Hier, j\u2019ai assist\u00e9 \u00e0 l\u2019atelier Choix et changements \u00e0 Wasaga Beach. Je tiens \u00e0 dire que c&rsquo;\u00e9tait un atelier incroyable o\u00f9 j&rsquo;ai tellement appris. Mes instructeurs \u00e9taient exceptionnels et ont fait un excellent travail \u00e0 pr\u00e9senter les renseignements et assurer l&rsquo;engagement de tous. J&rsquo;ai acquis plein d&rsquo;outils pr\u00e9cieux qui rendront mon temps avec les patients beaucoup plus efficace et efficient. <\/p>\n<\/div>\n\t\t\t\t<div class=\"sc_testimonials_item_author\">\n\t\t\t\t\t<div class=\"sc_testimonials_item_author_data\">\n\t\t\t\t\t\t<h4 class=\"sc_testimonials_item_author_title\">Testimonial 3<\/h4>\n\t\t\t\t\t\t<div class=\"sc_testimonials_item_author_subtitle\"><\/div>\n\t\t\t\t\t<\/div>\n\t\t\t\t<\/div>\n\t\t\t<\/div>\n\t\t\t<\/div><div class=\"swiper-slide\">\t\t\t<div class=\"sc_testimonials_item\">\n\t\t\t\t<div class=\"sc_testimonials_item_content\"><p>J&rsquo;ai suivi le programme Vivre en sant\u00e9 avec une maladie chronique de six semaines. Le programme m\u2019a beaucoup appris sur la fa\u00e7on de g\u00e9rer de nombreux probl\u00e8mes. Je conseillerais \u00e0 toute personne qui n&rsquo;a pas particip\u00e9 \u00e0 cet atelier de le faire. C\u2019est tr\u00e8s utile! <\/p>\n<\/div>\n\t\t\t\t<div class=\"sc_testimonials_item_author\">\n\t\t\t\t\t<div class=\"sc_testimonials_item_author_data\">\n\t\t\t\t\t\t<h4 class=\"sc_testimonials_item_author_title\">Testimonial 2<\/h4>\n\t\t\t\t\t\t<div class=\"sc_testimonials_item_author_subtitle\"><\/div>\n\t\t\t\t\t<\/div>\n\t\t\t\t<\/div>\n\t\t\t<\/div>\n\t\t\t<\/div><div class=\"swiper-slide\">\t\t\t<div class=\"sc_testimonials_item\">\n\t\t\t\t<div class=\"sc_testimonials_item_content\"><p>\u00catre pair animateur m&rsquo;a inspir\u00e9 et m&rsquo;a appris \u00e0 comprendre et \u00e0 soutenir les membres de la famille qui vivent avec une maladie chronique.  CH<\/p>\n<\/div>\n\t\t\t\t<div class=\"sc_testimonials_item_author\">\n\t\t\t\t\t<div class=\"sc_testimonials_item_author_data\">\n\t\t\t\t\t\t<h4 class=\"sc_testimonials_item_author_title\">Testimonial 1<\/h4>\n\t\t\t\t\t\t<div class=\"sc_testimonials_item_author_subtitle\"><\/div>\n\t\t\t\t\t<\/div>\n\t\t\t\t<\/div>\n\t\t\t<\/div>\n\t\t\t<\/div><\/div><div class=\"slider_pagination_wrap swiper-pagination\"><\/div><\/div><!-- \/.sc_testimonials -->[\/vc_column][\/vc_row]<\/p>\n<\/section>","protected":false},"excerpt":{"rendered":"<p>[vc_row full_width=\u00a0\u00bbstretch_row_content_no_spaces\u00a0\u00bb][vc_column][rev_slider_vc alias=\u00a0\u00bbhomeslider1&Prime;][\/vc_column][\/vc_row][vc_row][vc_column][vc_column_text] [\/vc_column_text][\/vc_column][\/vc_row][vc_row full_width=\u00a0\u00bbstretch_row_content_no_spaces\u00a0\u00bb equal_height=\u00a0\u00bbyes\u00a0\u00bb el_id=\u00a0\u00bbhome-workshops\u00a0\u00bb css=\u00a0\u00bb.vc_custom_1605110743696{margin-top: 0px !important;}\u00a0\u00bb][vc_column width=\u00a0\u00bb1\/2&Prime; css=\u00a0\u00bb.vc_custom_1607371220098{padding-top: 2em !important;padding-right: 4em !important;padding-bottom: 2em !important;padding-left: 4em !important;background-color: #d3eceb !important;}\u00a0\u00bb][vc_column_text] Ateliers pour personnes ayant des probl\u00e8mes de sant\u00e9 [\/vc_column_text][vc_empty_space hide_on_mobile=\u00a0\u00bb\u00a0\u00bb][vc_btn title=\u00a0\u00bbTrouver un atelier\u00a0\u00bb style=\u00a0\u00bbclassic\u00a0\u00bb color=\u00a0\u00bbblue\u00a0\u00bb align=\u00a0\u00bbcenter\u00a0\u00bb el_class=\u00a0\u00bbbright-blue-btn\u00a0\u00bb link=\u00a0\u00bburl:https%3A%2F%2Fwww.nsmselfmanagement.ca%2Ffr%2Fateliers-pour-les-personnes-ayant-des-problemes-de-sante|||\u00a0\u00bb][\/vc_column][vc_column width=\u00a0\u00bb1\/2&Prime; css=\u00a0\u00bb.vc_custom_1607371228532{padding-top: 2em !important;padding-right: 4em !important;padding-bottom: 2em !important;padding-left: 4em !important;background-color: #d3e9d2 !important;}\u00a0\u00bb][vc_column_text] Formation pour professionnels de la sant\u00e9 [\/vc_column_text][vc_empty_space hide_on_mobile=\u00a0\u00bb\u00a0\u00bb][vc_btn&hellip;<\/p>\n","protected":false},"author":1,"featured_media":0,"parent":0,"menu_order":0,"comment_status":"closed","ping_status":"closed","template":"","meta":{"_mi_skip_tracking":false,"_exactmetrics_sitenote_active":false,"_exactmetrics_sitenote_note":"","_exactmetrics_sitenote_category":0,"footnotes":""},"class_list":["post-1940","page","type-page","status-publish","hentry"],"acf":[],"aioseo_notices":[],"_links":{"self":[{"href":"https:\/\/www.nsmselfmanagement.ca\/fr\/wp-json\/wp\/v2\/pages\/1940","targetHints":{"allow":["GET"]}}],"collection":[{"href":"https:\/\/www.nsmselfmanagement.ca\/fr\/wp-json\/wp\/v2\/pages"}],"about":[{"href":"https:\/\/www.nsmselfmanagement.ca\/fr\/wp-json\/wp\/v2\/types\/page"}],"author":[{"embeddable":true,"href":"https:\/\/www.nsmselfmanagement.ca\/fr\/wp-json\/wp\/v2\/users\/1"}],"replies":[{"embeddable":true,"href":"https:\/\/www.nsmselfmanagement.ca\/fr\/wp-json\/wp\/v2\/comments?post=1940"}],"version-history":[{"count":5,"href":"https:\/\/www.nsmselfmanagement.ca\/fr\/wp-json\/wp\/v2\/pages\/1940\/revisions"}],"predecessor-version":[{"id":2078,"href":"https:\/\/www.nsmselfmanagement.ca\/fr\/wp-json\/wp\/v2\/pages\/1940\/revisions\/2078"}],"wp:attachment":[{"href":"https:\/\/www.nsmselfmanagement.ca\/fr\/wp-json\/wp\/v2\/media?parent=1940"}],"curies":[{"name":"wp","href":"https:\/\/api.w.org\/{rel}","templated":true}]}}