{"id":1938,"date":"2021-02-23T14:50:46","date_gmt":"2021-02-23T19:50:46","guid":{"rendered":"https:\/\/www.nsmselfmanagement.ca?page_id=1938"},"modified":"2021-03-04T16:57:58","modified_gmt":"2021-03-04T21:57:58","slug":"a-notre-sujet","status":"publish","type":"page","link":"https:\/\/www.nsmselfmanagement.ca\/fr\/a-notre-sujet","title":{"rendered":"\u00c0 notre sujet"},"content":{"rendered":"<section class=\"wpb-content-wrapper\"><p>[vc_row full_width=\u00a0\u00bbstretch_row\u00a0\u00bb css=\u00a0\u00bb.vc_custom_1603811792113{background-image: url(https:\/\/www.nsmselfmanagement.ca\/wp-content\/uploads\/bg-about.jpg?id=1266) !important;background-position: center !important;background-repeat: no-repeat !important;background-size: cover !important;}\u00a0\u00bb][vc_column width=\u00a0\u00bb1\/2&Prime; css=\u00a0\u00bb.vc_custom_1612981615541{margin-top: 3em !important;margin-bottom: 10.5em !important;}\u00a0\u00bb][vc_custom_heading text=\u00a0\u00bb\u00c0 notre sujet\u00a0\u00bb font_container=\u00a0\u00bbtag:h1|font_size:3.5em|text_align:left|color:%23463d34|line_height:1.2&Prime; use_theme_fonts=\u00a0\u00bbyes\u00a0\u00bb][vc_column_text css=\u00a0\u00bb.vc_custom_1614109791061{margin-top: 4.8em !important;}\u00a0\u00bb]<\/p>\n<p style=\"text-align: left;\">Notre programme est l\u2019un des 14 programmes d\u2019autogestion de la province de l\u2019Ontario. Nous offrons une formation et des ateliers d&rsquo;autogestion aux participants et aux professionnels de la sant\u00e9 de la r\u00e9gion de Simcoe Nord Muskoka.<\/p>\n<p style=\"text-align: left;\">\u00c0 Simcoe Nord Muskoka, le personnel de programme comprend: un coordonnateur de programme, un coordonnateur clinique et un adjoint administratif.<\/p>\n<p style=\"text-align: left;\">Pour communiquer avec l&rsquo;\u00e9quipe, signalez la ligne sans frais au 1 833 474-2242 poste 133 ou envoyez-nous un <a href=\"mailto:dsm@sgbchc.ca\">courriel<\/a> .<\/p>\n<p style=\"text-align: left;\">Notre programme est h\u00e9berg\u00e9 par le Centre de sant\u00e9 communautaire du sud de la baie Georgienne et est financ\u00e9 par le R\u00e9seau local d&rsquo;int\u00e9gration des services de sant\u00e9 de Simcoe Nord Muskoka. Nous disposons d&rsquo;environ 70 b\u00e9n\u00e9voles permanents qui animent des ateliers et des sessions de formation, et qui ont tous termin\u00e9 avec succ\u00e8s les processus de formation et de demande appropri\u00e9s.<\/p>\n<p>[\/vc_column_text][\/vc_column][vc_column width=\u00a0\u00bb1\/2&Prime;][\/vc_column][\/vc_row]<\/p>\n<\/section>","protected":false},"excerpt":{"rendered":"<p>[vc_row full_width=\u00a0\u00bbstretch_row\u00a0\u00bb css=\u00a0\u00bb.vc_custom_1603811792113{background-image: url(https:\/\/www.nsmselfmanagement.ca\/wp-content\/uploads\/bg-about.jpg?id=1266) !important;background-position: center !important;background-repeat: no-repeat !important;background-size: cover !important;}\u00a0\u00bb][vc_column width=\u00a0\u00bb1\/2&Prime; css=\u00a0\u00bb.vc_custom_1612981615541{margin-top: 3em !important;margin-bottom: 10.5em !important;}\u00a0\u00bb][vc_custom_heading text=\u00a0\u00bb\u00c0 notre sujet\u00a0\u00bb font_container=\u00a0\u00bbtag:h1|font_size:3.5em|text_align:left|color:%23463d34|line_height:1.2&Prime; use_theme_fonts=\u00a0\u00bbyes\u00a0\u00bb][vc_column_text css=\u00a0\u00bb.vc_custom_1614109791061{margin-top: 4.8em !important;}\u00a0\u00bb] Notre programme est l\u2019un des 14 programmes d\u2019autogestion de la province de l\u2019Ontario. Nous offrons une formation et des ateliers d&rsquo;autogestion aux participants et aux professionnels de la sant\u00e9 de la r\u00e9gion de Simcoe Nord&hellip;<\/p>\n","protected":false},"author":1,"featured_media":0,"parent":0,"menu_order":0,"comment_status":"closed","ping_status":"closed","template":"","meta":{"_mi_skip_tracking":false,"_exactmetrics_sitenote_active":false,"_exactmetrics_sitenote_note":"","_exactmetrics_sitenote_category":0,"footnotes":""},"class_list":["post-1938","page","type-page","status-publish","hentry"],"acf":[],"aioseo_notices":[],"_links":{"self":[{"href":"https:\/\/www.nsmselfmanagement.ca\/fr\/wp-json\/wp\/v2\/pages\/1938","targetHints":{"allow":["GET"]}}],"collection":[{"href":"https:\/\/www.nsmselfmanagement.ca\/fr\/wp-json\/wp\/v2\/pages"}],"about":[{"href":"https:\/\/www.nsmselfmanagement.ca\/fr\/wp-json\/wp\/v2\/types\/page"}],"author":[{"embeddable":true,"href":"https:\/\/www.nsmselfmanagement.ca\/fr\/wp-json\/wp\/v2\/users\/1"}],"replies":[{"embeddable":true,"href":"https:\/\/www.nsmselfmanagement.ca\/fr\/wp-json\/wp\/v2\/comments?post=1938"}],"version-history":[{"count":2,"href":"https:\/\/www.nsmselfmanagement.ca\/fr\/wp-json\/wp\/v2\/pages\/1938\/revisions"}],"predecessor-version":[{"id":2050,"href":"https:\/\/www.nsmselfmanagement.ca\/fr\/wp-json\/wp\/v2\/pages\/1938\/revisions\/2050"}],"wp:attachment":[{"href":"https:\/\/www.nsmselfmanagement.ca\/fr\/wp-json\/wp\/v2\/media?parent=1938"}],"curies":[{"name":"wp","href":"https:\/\/api.w.org\/{rel}","templated":true}]}}