{"id":1935,"date":"2021-02-23T14:44:49","date_gmt":"2021-02-23T19:44:49","guid":{"rendered":"https:\/\/www.nsmselfmanagement.ca?page_id=1935"},"modified":"2021-03-03T14:20:47","modified_gmt":"2021-03-03T19:20:47","slug":"organiser-un-atelier","status":"publish","type":"page","link":"https:\/\/www.nsmselfmanagement.ca\/fr\/organiser-un-atelier","title":{"rendered":"Organiser un atelier"},"content":{"rendered":"<section class=\"wpb-content-wrapper\"><p>[vc_row full_width=\u00a0\u00bbstretch_row\u00a0\u00bb css=\u00a0\u00bb.vc_custom_1603134222939{margin-top: 30px !important;padding-top: 3em !important;padding-bottom: 3em !important;background-position: 0 0 !important;background-repeat: no-repeat !important;}\u00a0\u00bb el_id=\u00a0\u00bbgi-host-workshop\u00a0\u00bb][vc_column][vc_row_inner equal_height=\u00a0\u00bbyes\u00a0\u00bb][vc_column_inner][vc_column_text css=\u00a0\u00bb.vc_custom_1614109476212{margin-top: 0px !important;}\u00a0\u00bb]<\/p>\n<h2 style=\"margin-top: 0px;\">Organiser un atelier<\/h2>\n<p>Si vous \u00eates int\u00e9ress\u00e9 \u00e0 accueillir un atelier d&rsquo;autogestion (p. ex. Vivre en sant\u00e9 avec une maladie chronique, Vivre en sant\u00e9 avec une douleur chronique, etc.) pour votre organisation ou groupe, veuillez exp\u00e9dier un courriel \u00e0 <a href=\"mailto:dsm@sgbchc.ca\">dsm@sgbchc.ca<\/a> ou appeler le 705 422-1888 poste 133.<\/p>\n<p>Le programme est financ\u00e9 par le R\u00e9seau local d&rsquo;int\u00e9gration des services de sant\u00e9 de Simcoe Nord Muskoka, \u00e0 cet effet l&rsquo;organisation d&rsquo;un atelier est enti\u00e8rement gratuite pour vous et les participants. Tous les documents de l&rsquo;atelier seront remis \u00e0 chaque participant, y compris le livre Vivre en sant\u00e9 avec une maladie chronique, ainsi que nos animateurs pairs form\u00e9s pour donner l&rsquo;atelier. Nous pouvons \u00e9galement fournir un soutien \u00e0 la promotion de l\u2019atelier au besoin.<\/p>\n<p>[\/vc_column_text][\/vc_column_inner][\/vc_row_inner][\/vc_column][\/vc_row]<\/p>\n<\/section>","protected":false},"excerpt":{"rendered":"<p>[vc_row full_width=\u00a0\u00bbstretch_row\u00a0\u00bb css=\u00a0\u00bb.vc_custom_1603134222939{margin-top: 30px !important;padding-top: 3em !important;padding-bottom: 3em !important;background-position: 0 0 !important;background-repeat: no-repeat !important;}\u00a0\u00bb el_id=\u00a0\u00bbgi-host-workshop\u00a0\u00bb][vc_column][vc_row_inner equal_height=\u00a0\u00bbyes\u00a0\u00bb][vc_column_inner][vc_column_text css=\u00a0\u00bb.vc_custom_1614109476212{margin-top: 0px !important;}\u00a0\u00bb] Organiser un atelier Si vous \u00eates int\u00e9ress\u00e9 \u00e0 accueillir un atelier d&rsquo;autogestion (p. ex. Vivre en sant\u00e9 avec une maladie chronique, Vivre en sant\u00e9 avec une douleur chronique, etc.) pour votre organisation ou groupe, veuillez exp\u00e9dier un courriel \u00e0 dsm@sgbchc.ca ou&hellip;<\/p>\n","protected":false},"author":1,"featured_media":1401,"parent":0,"menu_order":0,"comment_status":"closed","ping_status":"closed","template":"","meta":{"_mi_skip_tracking":false,"_exactmetrics_sitenote_active":false,"_exactmetrics_sitenote_note":"","_exactmetrics_sitenote_category":0,"footnotes":""},"class_list":["post-1935","page","type-page","status-publish","has-post-thumbnail","hentry"],"acf":[],"aioseo_notices":[],"_links":{"self":[{"href":"https:\/\/www.nsmselfmanagement.ca\/fr\/wp-json\/wp\/v2\/pages\/1935","targetHints":{"allow":["GET"]}}],"collection":[{"href":"https:\/\/www.nsmselfmanagement.ca\/fr\/wp-json\/wp\/v2\/pages"}],"about":[{"href":"https:\/\/www.nsmselfmanagement.ca\/fr\/wp-json\/wp\/v2\/types\/page"}],"author":[{"embeddable":true,"href":"https:\/\/www.nsmselfmanagement.ca\/fr\/wp-json\/wp\/v2\/users\/1"}],"replies":[{"embeddable":true,"href":"https:\/\/www.nsmselfmanagement.ca\/fr\/wp-json\/wp\/v2\/comments?post=1935"}],"version-history":[{"count":1,"href":"https:\/\/www.nsmselfmanagement.ca\/fr\/wp-json\/wp\/v2\/pages\/1935\/revisions"}],"predecessor-version":[{"id":1936,"href":"https:\/\/www.nsmselfmanagement.ca\/fr\/wp-json\/wp\/v2\/pages\/1935\/revisions\/1936"}],"wp:featuredmedia":[{"embeddable":true,"href":"https:\/\/www.nsmselfmanagement.ca\/fr\/wp-json\/wp\/v2\/media\/1401"}],"wp:attachment":[{"href":"https:\/\/www.nsmselfmanagement.ca\/fr\/wp-json\/wp\/v2\/media?parent=1935"}],"curies":[{"name":"wp","href":"https:\/\/api.w.org\/{rel}","templated":true}]}}