{"id":1931,"date":"2021-02-23T14:33:18","date_gmt":"2021-02-23T19:33:18","guid":{"rendered":"https:\/\/www.nsmselfmanagement.ca?page_id=1931"},"modified":"2021-03-03T14:23:06","modified_gmt":"2021-03-03T19:23:06","slug":"referer-un-client","status":"publish","type":"page","link":"https:\/\/www.nsmselfmanagement.ca\/fr\/referer-un-client","title":{"rendered":"R\u00e9f\u00e9rer un client"},"content":{"rendered":"<section class=\"wpb-content-wrapper\"><p>[vc_row css=\u00a0\u00bb.vc_custom_1614108878506{margin-top: 30px !important;margin-bottom: 30px !important;padding-top: 3em !important;padding-bottom: 3em !important;}\u00a0\u00bb][vc_column][vc_row_inner][vc_column_inner][vc_column_text]<\/p>\n<h2>R\u00e9f\u00e9rer un client<\/h2>\n<p>Si vous avez un client qui souffre d&rsquo;une maladie chronique et qui s&rsquo;int\u00e9resse \u00e0 obtenir plus d&rsquo;information ou qui aimerait s&rsquo;inscrire \u00e0 notre atelier, veuillez exp\u00e9dier un courriel \u00e0 <a href=\"mailto:dsm@southgeorgianbaychc.ca\">dsm@southgeorgianbaychc.ca<\/a> ou t\u00e9l\u00e9phoner au 705 422-0900 poste 108. Les personnes de soutien et les membres de la famille sont \u00e9galement les bienvenus.<\/p>\n<p>[\/vc_column_text][\/vc_column_inner][\/vc_row_inner][\/vc_column][\/vc_row]<\/p>\n<\/section>","protected":false},"excerpt":{"rendered":"<p>[vc_row css=\u00a0\u00bb.vc_custom_1614108878506{margin-top: 30px !important;margin-bottom: 30px !important;padding-top: 3em !important;padding-bottom: 3em !important;}\u00a0\u00bb][vc_column][vc_row_inner][vc_column_inner][vc_column_text] R\u00e9f\u00e9rer un client Si vous avez un client qui souffre d&rsquo;une maladie chronique et qui s&rsquo;int\u00e9resse \u00e0 obtenir plus d&rsquo;information ou qui aimerait s&rsquo;inscrire \u00e0 notre atelier, veuillez exp\u00e9dier un courriel \u00e0 dsm@southgeorgianbaychc.ca ou t\u00e9l\u00e9phoner au 705 422-0900 poste 108. Les personnes de soutien et les membres de la famille&hellip;<\/p>\n","protected":false},"author":1,"featured_media":1403,"parent":0,"menu_order":0,"comment_status":"closed","ping_status":"closed","template":"","meta":{"_mi_skip_tracking":false,"_exactmetrics_sitenote_active":false,"_exactmetrics_sitenote_note":"","_exactmetrics_sitenote_category":0,"footnotes":""},"class_list":["post-1931","page","type-page","status-publish","has-post-thumbnail","hentry"],"acf":[],"aioseo_notices":[],"_links":{"self":[{"href":"https:\/\/www.nsmselfmanagement.ca\/fr\/wp-json\/wp\/v2\/pages\/1931","targetHints":{"allow":["GET"]}}],"collection":[{"href":"https:\/\/www.nsmselfmanagement.ca\/fr\/wp-json\/wp\/v2\/pages"}],"about":[{"href":"https:\/\/www.nsmselfmanagement.ca\/fr\/wp-json\/wp\/v2\/types\/page"}],"author":[{"embeddable":true,"href":"https:\/\/www.nsmselfmanagement.ca\/fr\/wp-json\/wp\/v2\/users\/1"}],"replies":[{"embeddable":true,"href":"https:\/\/www.nsmselfmanagement.ca\/fr\/wp-json\/wp\/v2\/comments?post=1931"}],"version-history":[{"count":3,"href":"https:\/\/www.nsmselfmanagement.ca\/fr\/wp-json\/wp\/v2\/pages\/1931\/revisions"}],"predecessor-version":[{"id":1934,"href":"https:\/\/www.nsmselfmanagement.ca\/fr\/wp-json\/wp\/v2\/pages\/1931\/revisions\/1934"}],"wp:featuredmedia":[{"embeddable":true,"href":"https:\/\/www.nsmselfmanagement.ca\/fr\/wp-json\/wp\/v2\/media\/1403"}],"wp:attachment":[{"href":"https:\/\/www.nsmselfmanagement.ca\/fr\/wp-json\/wp\/v2\/media?parent=1931"}],"curies":[{"name":"wp","href":"https:\/\/api.w.org\/{rel}","templated":true}]}}