{"id":1928,"date":"2021-02-23T14:27:08","date_gmt":"2021-02-23T19:27:08","guid":{"rendered":"https:\/\/www.nsmselfmanagement.ca?page_id=1928"},"modified":"2021-04-06T10:49:16","modified_gmt":"2021-04-06T14:49:16","slug":"devenir-pair-animateur","status":"publish","type":"page","link":"https:\/\/www.nsmselfmanagement.ca\/fr\/devenir-pair-animateur","title":{"rendered":"Devenir pair animateur"},"content":{"rendered":"<section class=\"wpb-content-wrapper\"><p>[vc_row full_width=\u00a0\u00bbstretch_row\u00a0\u00bb css=\u00a0\u00bb.vc_custom_1603134203005{margin-top: 30px !important;padding-top: 3em !important;padding-bottom: 3em !important;background-position: 0 0 !important;background-repeat: no-repeat !important;}\u00a0\u00bb el_id=\u00a0\u00bbgi-peer-leader\u00a0\u00bb][vc_column][vc_row_inner equal_height=\u00a0\u00bbyes\u00a0\u00bb][vc_column_inner][vc_column_text css=\u00a0\u00bb.vc_custom_1617720239408{margin-top: 0px !important;}\u00a0\u00bb]<\/p>\n<h2 style=\"margin-top: 0px;\">Devenir pair animateur<\/h2>\n<p>Aimez-vous nos programmes et voulez devenir pair animateur?<\/p>\n<p>Nos b\u00e9n\u00e9voles sont des personnes int\u00e9ress\u00e9es \u00e0 soutenir et \u00e0 habiliter les autres \u00e0 mieux g\u00e9rer la maladie chronique et \u00e0 vivre en sant\u00e9. En tant que b\u00e9n\u00e9vole, vous aurez la t\u00e2che satisfaisante d&rsquo;int\u00e9grer le contenu du programme et d&rsquo;apprendre les comp\u00e9tences d&rsquo;animation de groupe qui peuvent \u00eatre transf\u00e9r\u00e9es \u00e0 d&rsquo;autres domaines de la vie. Plus important encore, vous aiderez les personnes touch\u00e9es par des maladies chroniques \u00e0 g\u00e9rer leur sant\u00e9 avec succ\u00e8s en utilisant les comp\u00e9tences et les outils que vous avez partag\u00e9s avec eux. Les animateurs peuvent souffrir d&rsquo;une maladie chronique ou avoir des proches qui vivent avec une maladie chronique. De plus, les candidats ne sont pas tenus d\u2019avoir fait des \u00e9tudes ou de poss\u00e9der de l&rsquo;exp\u00e9rience professionnelle en soins de sant\u00e9!<\/p>\n<p>[\/vc_column_text][\/vc_column_inner][\/vc_row_inner][vc_row_inner][vc_column_inner width=\u00a0\u00bb1\/2&Prime;][vc_column_text]<\/p>\n<h3>Caract\u00e9ristiques d&rsquo;un animateur :<\/h3>\n<ul>\n<li>Capable de livrer un programme sc\u00e9naris\u00e9<\/li>\n<li>Capable d&rsquo;animer une discussion de groupe<\/li>\n<li>Engag\u00e9 \u00e0 la philosophie et \u00e0 la fid\u00e9lit\u00e9 des buts et des objectifs du programme<\/li>\n<li>Empathique<\/li>\n<li>Responsable, respect\u00e9 et digne de confiance<\/li>\n<li>Comprend les d\u00e9fis li\u00e9s \u00e0 l&rsquo;\u00e9tat de sant\u00e9 chronique<\/li>\n<li>Capable de communiquer au sujet de questions sensibles<\/li>\n<li>Capable d&rsquo;assurer la confidentialit\u00e9<\/li>\n<li>Engag\u00e9 \u00e0 aider les autres<\/li>\n<li>Aime rencontrer de nouvelles personnes<\/li>\n<li>Pr\u00eat \u00e0 \u00e9couter, \u00e0 acqu\u00e9rir de nouvelles comp\u00e9tences et \u00e0 devenir un mod\u00e8le sain<\/li>\n<\/ul>\n<p>[\/vc_column_text][\/vc_column_inner][vc_column_inner width=\u00a0\u00bb1\/2&Prime;][vc_column_text]<\/p>\n<h3>Candidats :<\/h3>\n<ul>\n<li>Doit soumettre un formulaire de demande de b\u00e9n\u00e9volat et accepter de participer \u00e0 une entrevue en personne ou par t\u00e9l\u00e9phone \u00e0 la discr\u00e9tion du coordonnateur.<\/li>\n<li>Doit \u00eatre en mesure de d\u00e9montrer les caract\u00e9ristiques d&rsquo;un animateur<\/li>\n<li>S&rsquo;engager \u00e0 suivre un programme de formation en classe de quatre jours<\/li>\n<li>Doit signer tous les formulaires applicables (p. ex. formulaire d&rsquo;entente de b\u00e9n\u00e9volat)<\/li>\n<li>\u00catre en mesure de prendre les dispositions pour le transport aller-retour aux futurs ateliers que vous animerez<\/li>\n<li>Doit entreprendre et pr\u00e9senter des preuves d&rsquo;un contr\u00f4le valide du secteur vuln\u00e9rable de la police sur demande<\/li>\n<\/ul>\n<p>La formation et le mat\u00e9riel sont fournis gratuitement<\/p>\n<p>[\/vc_column_text][\/vc_column_inner][\/vc_row_inner][vc_row_inner][vc_column_inner][vc_column_text]<\/p>\n<h3>Engagements des animateurs :<\/h3>\n<ul>\n<li>S&rsquo;engager \u00e0 suivre toute formation requise de l&rsquo;animateur<\/li>\n<li>Co-animer au moins une s\u00e9rie d&rsquo;ateliers par an<\/li>\n<li>Doit compl\u00e9ter tous les formulaires, politiques et formations li\u00e9s au programme<\/li>\n<\/ul>\n<p>[\/vc_column_text][\/vc_column_inner][\/vc_row_inner][vc_row_inner][vc_column_inner][vc_empty_space hide_on_mobile=\u00a0\u00bb\u00a0\u00bb][vc_column_text]<\/p>\n<h2>Devenir pair animateur maintenant<\/h2>\n<p>[\/vc_column_text][vc_empty_space height=\u00a0\u00bb20px\u00a0\u00bb hide_on_mobile=\u00a0\u00bb\u00a0\u00bb][vc_btn title=\u00a0\u00bbCommuniquer avec nous\u00a0\u00bb link=\u00a0\u00bburl:https%3A%2F%2Fwww.nsmselfmanagement.ca%2Ffr%2Fcommuniquer-avec-nous|title:Contact%20Us||\u00a0\u00bb el_class=\u00a0\u00bblight-green-btn\u00a0\u00bb][\/vc_column_inner][\/vc_row_inner][\/vc_column][\/vc_row]<\/p>\n<\/section>","protected":false},"excerpt":{"rendered":"<p>[vc_row full_width=\u00a0\u00bbstretch_row\u00a0\u00bb css=\u00a0\u00bb.vc_custom_1603134203005{margin-top: 30px !important;padding-top: 3em !important;padding-bottom: 3em !important;background-position: 0 0 !important;background-repeat: no-repeat !important;}\u00a0\u00bb el_id=\u00a0\u00bbgi-peer-leader\u00a0\u00bb][vc_column][vc_row_inner equal_height=\u00a0\u00bbyes\u00a0\u00bb][vc_column_inner][vc_column_text css=\u00a0\u00bb.vc_custom_1617720239408{margin-top: 0px !important;}\u00a0\u00bb] Devenir pair animateur Aimez-vous nos programmes et voulez devenir pair animateur? Nos b\u00e9n\u00e9voles sont des personnes int\u00e9ress\u00e9es \u00e0 soutenir et \u00e0 habiliter les autres \u00e0 mieux g\u00e9rer la maladie chronique et \u00e0 vivre en sant\u00e9. En tant que b\u00e9n\u00e9vole, vous aurez&hellip;<\/p>\n","protected":false},"author":1,"featured_media":1397,"parent":0,"menu_order":0,"comment_status":"closed","ping_status":"closed","template":"","meta":{"_mi_skip_tracking":false,"_exactmetrics_sitenote_active":false,"_exactmetrics_sitenote_note":"","_exactmetrics_sitenote_category":0,"footnotes":""},"class_list":["post-1928","page","type-page","status-publish","has-post-thumbnail","hentry"],"acf":[],"aioseo_notices":[],"_links":{"self":[{"href":"https:\/\/www.nsmselfmanagement.ca\/fr\/wp-json\/wp\/v2\/pages\/1928","targetHints":{"allow":["GET"]}}],"collection":[{"href":"https:\/\/www.nsmselfmanagement.ca\/fr\/wp-json\/wp\/v2\/pages"}],"about":[{"href":"https:\/\/www.nsmselfmanagement.ca\/fr\/wp-json\/wp\/v2\/types\/page"}],"author":[{"embeddable":true,"href":"https:\/\/www.nsmselfmanagement.ca\/fr\/wp-json\/wp\/v2\/users\/1"}],"replies":[{"embeddable":true,"href":"https:\/\/www.nsmselfmanagement.ca\/fr\/wp-json\/wp\/v2\/comments?post=1928"}],"version-history":[{"count":4,"href":"https:\/\/www.nsmselfmanagement.ca\/fr\/wp-json\/wp\/v2\/pages\/1928\/revisions"}],"predecessor-version":[{"id":2083,"href":"https:\/\/www.nsmselfmanagement.ca\/fr\/wp-json\/wp\/v2\/pages\/1928\/revisions\/2083"}],"wp:featuredmedia":[{"embeddable":true,"href":"https:\/\/www.nsmselfmanagement.ca\/fr\/wp-json\/wp\/v2\/media\/1397"}],"wp:attachment":[{"href":"https:\/\/www.nsmselfmanagement.ca\/fr\/wp-json\/wp\/v2\/media?parent=1928"}],"curies":[{"name":"wp","href":"https:\/\/api.w.org\/{rel}","templated":true}]}}