{"id":1925,"date":"2021-02-23T14:11:46","date_gmt":"2021-02-23T19:11:46","guid":{"rendered":"https:\/\/www.nsmselfmanagement.ca?page_id=1925"},"modified":"2021-04-06T10:51:58","modified_gmt":"2021-04-06T14:51:58","slug":"devenir-animateur","status":"publish","type":"page","link":"https:\/\/www.nsmselfmanagement.ca\/fr\/devenir-animateur","title":{"rendered":"Devenir animateur"},"content":{"rendered":"<section class=\"wpb-content-wrapper\"><p>[vc_row full_width=\u00a0\u00bbstretch_row\u00a0\u00bb el_id=\u00a0\u00bbgi-faciilitator\u00a0\u00bb css=\u00a0\u00bb.vc_custom_1605549788361{margin-top: 30px !important;padding-top: 3em !important;padding-bottom: 3em !important;}\u00a0\u00bb][vc_column][vc_row_inner][vc_column_inner][vc_column_text css=\u00a0\u00bb.vc_custom_1617720699725{margin-top: 0px !important;}\u00a0\u00bb]<\/p>\n<h2>Devenir animateur<\/h2>\n<p>\u00cates-vous passionn\u00e9 par l&rsquo;autogestion des maladies chroniques et vous d\u00e9sirez aider d&rsquo;autres professionnels de la sant\u00e9 \u00e0 acqu\u00e9rir des comp\u00e9tences en soutien \u00e0 l&rsquo;autogestion?<\/p>\n<p>Le programme d&rsquo;autogestion de Simcoe Nord Muskoka offre annuellement aux professionnels de la sant\u00e9, l&rsquo;occasion de participer aux cours de formation des formateurs L&rsquo;effet de l&#8217;empathie, Choix et changements, Plan d&rsquo;action sommaire et Fondements de l&rsquo;entretien motivationnel (EM) afin d&rsquo;apprendre \u00e0 co-animer ces ateliers. Les professionnels de la sant\u00e9 int\u00e9ress\u00e9s peuvent pr\u00e9senter une demande pour devenir animateur b\u00e9n\u00e9vole de ces ateliers afin de promouvoir les comp\u00e9tences de soutien \u00e0 l&rsquo;autogestion dans la r\u00e9gion de Simcoe Nord Muskoka.<\/p>\n<h3>Comp\u00e9tences minimales des animateurs en autogestion :<\/h3>\n<ul>\n<li>D\u00e9tenir un dipl\u00f4me universitaire dans une discipline li\u00e9e \u00e0 la sant\u00e9 et poss\u00e9der une exp\u00e9rience clinique dans un milieu de soins de sant\u00e9.<\/li>\n<li>Valoriser l&rsquo;apprentissage et poss\u00e9der des comp\u00e9tences en animation de groupe et en pens\u00e9e critique.<\/li>\n<li>Poss\u00e9der une connaissance approfondie des principes et des strat\u00e9gies d&rsquo;autogestion pour aider les patients \u00e0 se prendre en main.<\/li>\n<li>Travailler ou habiter pr\u00e9sentement dans la r\u00e9gion du RLISS de Simcoe Nord Muskoka afin d&rsquo;aider les personnes atteintes de maladies chroniques \u00e0 s&rsquo;autog\u00e9rer.<\/li>\n<li>Poss\u00e9der d&rsquo;excellentes comp\u00e9tences en pr\u00e9sentation et de l&rsquo;exp\u00e9rience en animation d&rsquo;ateliers de formation pour les professionnels de la sant\u00e9.<\/li>\n<li>Faire preuve d&rsquo;engagement et de passion pour l&rsquo;autogestion des maladies chroniques.<\/li>\n<li>\u00catre dispos\u00e9 \u00e0 animer au moins un atelier par ann\u00e9e au sein du RLISS de Simcoe Nord Muskoka.<\/li>\n<\/ul>\n<p>Les animateurs b\u00e9n\u00e9voles re\u00e7oivent des honoraires pour co-animer des ateliers.<\/p>\n<p>[\/vc_column_text][\/vc_column_inner][\/vc_row_inner][vc_row_inner][vc_column_inner][vc_empty_space hide_on_mobile=\u00a0\u00bb\u00a0\u00bb][vc_column_text]<\/p>\n<h2>Devenir animateur maintenant<\/h2>\n<p>[\/vc_column_text][vc_empty_space hide_on_mobile=\u00a0\u00bb\u00a0\u00bb][vc_btn title=\u00a0\u00bbCommuniquer avec nous\u00a0\u00bb link=\u00a0\u00bburl:https%3A%2F%2Fwww.nsmselfmanagement.ca%2Ffr%2Fcommuniquer-avec-nous|||\u00a0\u00bb el_class=\u00a0\u00bblight-green-btn\u00a0\u00bb][\/vc_column_inner][\/vc_row_inner][\/vc_column][\/vc_row]<\/p>\n<\/section>","protected":false},"excerpt":{"rendered":"<p>[vc_row full_width=\u00a0\u00bbstretch_row\u00a0\u00bb el_id=\u00a0\u00bbgi-faciilitator\u00a0\u00bb css=\u00a0\u00bb.vc_custom_1605549788361{margin-top: 30px !important;padding-top: 3em !important;padding-bottom: 3em !important;}\u00a0\u00bb][vc_column][vc_row_inner][vc_column_inner][vc_column_text css=\u00a0\u00bb.vc_custom_1617720699725{margin-top: 0px !important;}\u00a0\u00bb] Devenir animateur \u00cates-vous passionn\u00e9 par l&rsquo;autogestion des maladies chroniques et vous d\u00e9sirez aider d&rsquo;autres professionnels de la sant\u00e9 \u00e0 acqu\u00e9rir des comp\u00e9tences en soutien \u00e0 l&rsquo;autogestion? Le programme d&rsquo;autogestion de Simcoe Nord Muskoka offre annuellement aux professionnels de la sant\u00e9, l&rsquo;occasion de participer aux cours de formation&hellip;<\/p>\n","protected":false},"author":1,"featured_media":1395,"parent":0,"menu_order":0,"comment_status":"closed","ping_status":"closed","template":"","meta":{"_mi_skip_tracking":false,"_exactmetrics_sitenote_active":false,"_exactmetrics_sitenote_note":"","_exactmetrics_sitenote_category":0,"footnotes":""},"class_list":["post-1925","page","type-page","status-publish","has-post-thumbnail","hentry"],"acf":[],"aioseo_notices":[],"_links":{"self":[{"href":"https:\/\/www.nsmselfmanagement.ca\/fr\/wp-json\/wp\/v2\/pages\/1925","targetHints":{"allow":["GET"]}}],"collection":[{"href":"https:\/\/www.nsmselfmanagement.ca\/fr\/wp-json\/wp\/v2\/pages"}],"about":[{"href":"https:\/\/www.nsmselfmanagement.ca\/fr\/wp-json\/wp\/v2\/types\/page"}],"author":[{"embeddable":true,"href":"https:\/\/www.nsmselfmanagement.ca\/fr\/wp-json\/wp\/v2\/users\/1"}],"replies":[{"embeddable":true,"href":"https:\/\/www.nsmselfmanagement.ca\/fr\/wp-json\/wp\/v2\/comments?post=1925"}],"version-history":[{"count":2,"href":"https:\/\/www.nsmselfmanagement.ca\/fr\/wp-json\/wp\/v2\/pages\/1925\/revisions"}],"predecessor-version":[{"id":2084,"href":"https:\/\/www.nsmselfmanagement.ca\/fr\/wp-json\/wp\/v2\/pages\/1925\/revisions\/2084"}],"wp:featuredmedia":[{"embeddable":true,"href":"https:\/\/www.nsmselfmanagement.ca\/fr\/wp-json\/wp\/v2\/media\/1395"}],"wp:attachment":[{"href":"https:\/\/www.nsmselfmanagement.ca\/fr\/wp-json\/wp\/v2\/media?parent=1925"}],"curies":[{"name":"wp","href":"https:\/\/api.w.org\/{rel}","templated":true}]}}