{"id":1923,"date":"2021-02-23T14:02:35","date_gmt":"2021-02-23T19:02:35","guid":{"rendered":"https:\/\/www.nsmselfmanagement.ca?page_id=1923"},"modified":"2021-03-03T14:17:45","modified_gmt":"2021-03-03T19:17:45","slug":"enonce-daccessibilite","status":"publish","type":"page","link":"https:\/\/www.nsmselfmanagement.ca\/fr\/enonce-daccessibilite","title":{"rendered":"\u00c9nonc\u00e9 d&rsquo;accessibilit\u00e9"},"content":{"rendered":"<section class=\"wpb-content-wrapper\"><p>[vc_row hide_bg_image_on_tablet=\u00a0\u00bb\u00a0\u00bb hide_bg_image_on_mobile=\u00a0\u00bb\u00a0\u00bb][vc_column icons_position=\u00a0\u00bbleft\u00a0\u00bb][vc_empty_space height=\u00a0\u00bb2em\u00a0\u00bb alter_height=\u00a0\u00bbnone\u00a0\u00bb hide_on_mobile=\u00a0\u00bb\u00a0\u00bb hide_on_desktop=\u00a0\u00bb\u00a0\u00bb hide_on_notebook=\u00a0\u00bb\u00a0\u00bb hide_on_tablet=\u00a0\u00bb\u00a0\u00bb][vc_column_text]<\/p>\n<h2>Accessibilit\u00e9 du site<\/h2>\n<p>Le Programme d&rsquo;autogestion de Simcoe Nord Muskoka (PASNM) s&rsquo;engage, \u00e0 l&rsquo;\u00e9chelle de l&rsquo;organisme, \u00e0 garantir la technologie de l&rsquo;information (TI) est accessible \u00e0 toute personne, y compris les personnes handicap\u00e9es. Dans le cadre de cet engagement, \u00e0 compter du 30 novembre 2020, notre site Web a \u00e9t\u00e9 con\u00e7u\/mis \u00e0 jour\/modifi\u00e9 pour se conformer aux exigences de la Loi sur l&rsquo;accessibilit\u00e9 pour les Ontariennes et Ontariens handicap\u00e9s et s&rsquo;efforce de respecter les normes en mati\u00e8re de conformit\u00e9 WCAG 2.0 AA. Le PASNM s&rsquo;engage \u00e9galement \u00e0 soutenir et \u00e0 mettre en \u0153uvre la Convention des Nations Unies relative aux droits des personnes handicap\u00e9es.<\/p>\n<p>&nbsp;<\/p>\n<p>[\/vc_column_text][vc_column_text]<\/p>\n<p>Le site Web du PASNM http:\/\/www.nsmselfmanagement.ca\/ a \u00e9t\u00e9 test\u00e9 \u00e0 l&rsquo;aide d&rsquo;un outil tiers d&rsquo;audit automatis\u00e9, et a \u00e9galement \u00e9t\u00e9 examin\u00e9 au moyen d&rsquo;interactions humaines (lecteurs d&rsquo;\u00e9cran) et de tests visuels. Nous nous engageons \u00e0 modifier notre site Web de niveau AA \u00e0 mesure que la technologie progresse. Nous reconnaissons qu&rsquo;il peut y avoir des occasions o\u00f9 les utilisateurs \u00e9prouvent des difficult\u00e9s \u00e0 acc\u00e9der au site. Si vous \u00e9prouvez des difficult\u00e9s \u00e0 consulter du mat\u00e9riel sur notre site Web, veuillez communiquer avec nous \u00e0 <a href=\"mailto:dsm@sgbchc.ca\">dsm@sgbchc.ca<\/a>. Vos commentaires et vos id\u00e9es pour rendre notre site Web plus accessible sont extr\u00eamement importants pour nous.<\/p>\n<p>[\/vc_column_text][vc_empty_space height=\u00a0\u00bb4em\u00a0\u00bb alter_height=\u00a0\u00bbnone\u00a0\u00bb hide_on_mobile=\u00a0\u00bb\u00a0\u00bb hide_on_desktop=\u00a0\u00bb\u00a0\u00bb hide_on_notebook=\u00a0\u00bb\u00a0\u00bb hide_on_tablet=\u00a0\u00bb\u00a0\u00bb][\/vc_column][\/vc_row]<\/p>\n<\/section>","protected":false},"excerpt":{"rendered":"<p>[vc_row hide_bg_image_on_tablet=\u00a0\u00bb\u00a0\u00bb hide_bg_image_on_mobile=\u00a0\u00bb\u00a0\u00bb][vc_column icons_position=\u00a0\u00bbleft\u00a0\u00bb][vc_empty_space height=\u00a0\u00bb2em\u00a0\u00bb alter_height=\u00a0\u00bbnone\u00a0\u00bb hide_on_mobile=\u00a0\u00bb\u00a0\u00bb hide_on_desktop=\u00a0\u00bb\u00a0\u00bb hide_on_notebook=\u00a0\u00bb\u00a0\u00bb hide_on_tablet=\u00a0\u00bb\u00a0\u00bb][vc_column_text] Accessibilit\u00e9 du site Le Programme d&rsquo;autogestion de Simcoe Nord Muskoka (PASNM) s&rsquo;engage, \u00e0 l&rsquo;\u00e9chelle de l&rsquo;organisme, \u00e0 garantir la technologie de l&rsquo;information (TI) est accessible \u00e0 toute personne, y compris les personnes handicap\u00e9es. Dans le cadre de cet engagement, \u00e0 compter du 30 novembre 2020, notre site Web a \u00e9t\u00e9&hellip;<\/p>\n","protected":false},"author":1,"featured_media":1399,"parent":0,"menu_order":0,"comment_status":"closed","ping_status":"closed","template":"","meta":{"_mi_skip_tracking":false,"_exactmetrics_sitenote_active":false,"_exactmetrics_sitenote_note":"","_exactmetrics_sitenote_category":0,"footnotes":""},"class_list":["post-1923","page","type-page","status-publish","has-post-thumbnail","hentry"],"acf":[],"aioseo_notices":[],"_links":{"self":[{"href":"https:\/\/www.nsmselfmanagement.ca\/fr\/wp-json\/wp\/v2\/pages\/1923","targetHints":{"allow":["GET"]}}],"collection":[{"href":"https:\/\/www.nsmselfmanagement.ca\/fr\/wp-json\/wp\/v2\/pages"}],"about":[{"href":"https:\/\/www.nsmselfmanagement.ca\/fr\/wp-json\/wp\/v2\/types\/page"}],"author":[{"embeddable":true,"href":"https:\/\/www.nsmselfmanagement.ca\/fr\/wp-json\/wp\/v2\/users\/1"}],"replies":[{"embeddable":true,"href":"https:\/\/www.nsmselfmanagement.ca\/fr\/wp-json\/wp\/v2\/comments?post=1923"}],"version-history":[{"count":1,"href":"https:\/\/www.nsmselfmanagement.ca\/fr\/wp-json\/wp\/v2\/pages\/1923\/revisions"}],"predecessor-version":[{"id":1924,"href":"https:\/\/www.nsmselfmanagement.ca\/fr\/wp-json\/wp\/v2\/pages\/1923\/revisions\/1924"}],"wp:featuredmedia":[{"embeddable":true,"href":"https:\/\/www.nsmselfmanagement.ca\/fr\/wp-json\/wp\/v2\/media\/1399"}],"wp:attachment":[{"href":"https:\/\/www.nsmselfmanagement.ca\/fr\/wp-json\/wp\/v2\/media?parent=1923"}],"curies":[{"name":"wp","href":"https:\/\/api.w.org\/{rel}","templated":true}]}}