{"id":1913,"date":"2021-02-23T13:22:49","date_gmt":"2021-02-23T18:22:49","guid":{"rendered":"https:\/\/www.nsmselfmanagement.ca?page_id=1913"},"modified":"2021-03-03T14:22:08","modified_gmt":"2021-03-03T19:22:08","slug":"politique-de-confidentialite","status":"publish","type":"page","link":"https:\/\/www.nsmselfmanagement.ca\/fr\/politique-de-confidentialite","title":{"rendered":"Politique de confidentialit\u00e9"},"content":{"rendered":"<section class=\"wpb-content-wrapper\"><p>[vc_row hide_bg_image_on_tablet=\u00a0\u00bb\u00a0\u00bb hide_bg_image_on_mobile=\u00a0\u00bb\u00a0\u00bb css=\u00a0\u00bb.vc_custom_1604338772597{margin-top: 2em !important;}\u00a0\u00bb][vc_column icons_position=\u00a0\u00bbleft\u00a0\u00bb][vc_empty_space height=\u00a0\u00bb2em\u00a0\u00bb alter_height=\u00a0\u00bbnone\u00a0\u00bb hide_on_mobile=\u00a0\u00bb\u00a0\u00bb hide_on_desktop=\u00a0\u00bb\u00a0\u00bb hide_on_notebook=\u00a0\u00bb\u00a0\u00bb hide_on_tablet=\u00a0\u00bb\u00a0\u00bb][vc_column_text]<\/p>\n<h2>Votre vie priv\u00e9e est importante<\/h2>\n<p>[\/vc_column_text][vc_empty_space height=\u00a0\u00bb1em\u00a0\u00bb alter_height=\u00a0\u00bbnone\u00a0\u00bb hide_on_mobile=\u00a0\u00bb\u00a0\u00bb hide_on_desktop=\u00a0\u00bb\u00a0\u00bb hide_on_notebook=\u00a0\u00bb\u00a0\u00bb hide_on_tablet=\u00a0\u00bb\u00a0\u00bb][vc_column_text]<\/p>\n<p>Les 14 r\u00e9seaux locaux d\u2019int\u00e9gration de la sant\u00e9 (RLISS) de l\u2019Ontario sont tous assujettis aux exigences de la Loi de 2004 sur la protection des renseignements personnels sur la sant\u00e9 (LPRPS), qui exige la protection de la confidentialit\u00e9 de vos renseignements personnels sur la sant\u00e9.<\/p>\n<p>Le Programme d&rsquo;autogestion de Simcoe Nord Muskoka s&rsquo;engage \u00e0 respecter les principes \u00e9nonc\u00e9s dans cette loi qui exige que nous garantissions et prot\u00e9gions vos renseignements. Dans le cadre de notre engagement, nous croyons que nos patients doivent savoir quels renseignements personnels sur la sant\u00e9 nous recueillons, comment nous les utilisons, comment nous les prot\u00e9geons et comment communiquer avec nous.<\/p>\n<h3>Communiquez avec nous<\/h3>\n<p>Si vous avez des questions concernant nos politiques de confidentialit\u00e9, l&rsquo;acc\u00e8s \u00e0 votre dossier, la correction de renseignements ou si vous avez un probl\u00e8me de confidentialit\u00e9, vous pouvez communiquer avec l&rsquo;agente de protection de la vie priv\u00e9e \u00e0 :<\/p>\n<p>Heather Klein-Gebbinck<br \/>\nDirectrice g\u00e9n\u00e9rale<\/p>\n<p>Centre de sant\u00e9 communautaire du sud de la baie Georgienne<br \/>\n14, ch. Ramblewood, bureau 202 <br \/>\nWasaga Beach (Ontario) L9Z 0C4<\/p>\n<p>Num\u00e9ro de t\u00e9l\u00e9phone: <a href=\"tel:1-833-474-2242\">1-833-474-2242<\/a><\/p>\n<p>Courriel: <a href=\"mailto:heather.kleingebbinck@sgbchc.ca\">heather.kleingebbinck@sgbchc.ca<\/a><\/p>\n<h3>Que veut-on dire par renseignements personnels sur la sant\u00e9\u00a0?<\/h3>\n<p>Les renseignements personnels sur la sant\u00e9 comprennent des renseignements sur votre \u00e9tat de sant\u00e9, vos ant\u00e9c\u00e9dents de sant\u00e9, votre num\u00e9ro de carte de sant\u00e9, votre admissibilit\u00e9 aux services de soins de sant\u00e9 et vos besoins en mati\u00e8re de soins, y compris l\u2019identification de renseignements vous concernant, comme votre nom.<\/p>\n<h3>Vos droits \u00e0 la vie priv\u00e9e<\/h3>\n<p>Vous avez le droit de savoir comment nous recueillons vos renseignements.<\/p>\n<p>Les RLISS recueillent, utilisent et partagent des renseignements personnels et de sant\u00e9 avec d\u2019autres fournisseurs de soins de sant\u00e9 qui participent \u00e0 vos soins, pour la prestation de services de sant\u00e9 et de soutien \u00e0 domicile, de services de soutien \u00e0 l\u2019\u00e9cole et pour faciliter le placement dans un foyer de soins de longue dur\u00e9e.<\/p>\n<p>Ces activit\u00e9s n&rsquo;auront lieu qu&rsquo;avec votre consentement. Dans certains cas, nous nous appuyons sur votre consentement implicite.<\/p>\n<p>Le consentement implicite signifie que lorsque vous nous demandez des soins de sant\u00e9, nous supposons que nous avons votre permission de recueillir, d\u2019utiliser et de partager vos renseignements personnels sur la sant\u00e9 avec les autres fournisseurs de soins de sant\u00e9 qui participeront \u00e0 vos soins. Pour vous fournir ces services, le RLISS partage de l&rsquo;information avec :<\/p>\n<p>les fournisseurs de services contractuels qui fournissent des soins de sant\u00e9, de l&rsquo;\u00e9quipement et des fournitures;<br \/>\nd&rsquo;autres partenaires de la sant\u00e9 qui aident \u00e0 fournir des soins de sant\u00e9 (comme les h\u00f4pitaux ou les foyers de soins de longue dur\u00e9e); <br \/>\nle personnel autoris\u00e9 du RLISS.<\/p>\n<p>De plus, nous pouvons utiliser vos informations afin de :<\/p>\n<ul>\n<li>Surveiller la qualit\u00e9 des services que vous recevez;<\/li>\n<li>\u00c9duquer notre personnel;\u00a0<\/li>\n<li>Planifier et \u00e9valuer les services.<\/li>\n<\/ul>\n<p>En tant que patient du RLISS, vous avez le droit de limiter ou de retirer cette autorisation \u00e0 tout moment en communiquant avec la personne responsable de coordonner vos soins.<\/p>\n<h3>Vous avez le droit d&rsquo;acc\u00e9der \u00e0 vos renseigments.<\/h3>\n<p>Vous avez le droit d&rsquo;acc\u00e9der aux renseignements personnels sur la sant\u00e9 contenues dans votre dossier et de faire corriger ou modifier ces renseignements. Vous avez \u00e9galement le droit de modifier ou de supprimer votre consentement. Pour ce faire, veuillez communiquer avec l&rsquo;agente de protection de la vie priv\u00e9e au 1 833 474-2242.<\/p>\n<h3>Vous avez le droit d&rsquo;exprimer vos pr\u00e9occupations.<\/h3>\n<p>Si vous croyez que l&rsquo;un de vos droits \u00e0 la vie priv\u00e9e a \u00e9t\u00e9 enfreint de quelque fa\u00e7on que ce soit, veuillez communiquer avec l&rsquo;agente de protection de la vie priv\u00e9e.<\/p>\n<p>Si l&rsquo;agente de protection de la vie priv\u00e9e n&rsquo;a pas r\u00e9solu vos pr\u00e9occupations \u00e0 votre satisfaction, vous avez le droit de d\u00e9poser une plainte aupr\u00e8s du Commissaire \u00e0 l&rsquo;information et \u00e0 la protection de la vie priv\u00e9e de l&rsquo;Ontario (CIPVP).<\/p>\n<h3>Rejoindre le CIPVP par :<\/h3>\n<p>T\u00e9l\u00e9phone :<br \/>\n416-326-3333 ou 1-800-387-0073<\/p>\n<p>En ligne :<br \/>\nhttp:\/\/www.ipc.on.ca<\/p>\n<p>Courrier :<br \/>\nCommissaire \u00e0 l&rsquo;information et \u00e0 la protection de la vie priv\u00e9e de l&rsquo;Ontario<br \/>\n2, rue Bloor Est, bureau 1400<br \/>\nToronto (Ontario) M4W 1A8<\/p>\n<h3>Correspondance<\/h3>\n<p>Si vous correspondez avec nous par courriel, la poste, t\u00e9l\u00e9copieur ou tout autre mode de communication, nous pouvons conserver cette correspondance et les informations qui y sont contenues et les utiliser pour r\u00e9pondre \u00e0 votre demande.<\/p>\n<p>Fait important, les renseignements sur les adresses \u00e9lectroniques et postales ne sont jamais vendus, donn\u00e9s ou divulgu\u00e9s \u00e0 des tiers, sauf indication contraire indiqu\u00e9e aux pr\u00e9sentes ou conform\u00e9ment aux lois applicables.<\/p>\n<p>Veuillez limiter le type de renseignements personnels sur la sant\u00e9 que vous \u00e9crivez dans un courriel ou un texto, car ils peuvent \u00eatre stock\u00e9s par un fournisseur de t\u00e9l\u00e9communications (tiers externe) lorsque les renseignements ne sont pas encod\u00e9s ou prot\u00e9g\u00e9s.<\/p>\n<h3>Liens utiles<\/h3>\n<p><a href=\"https:\/\/www.ipc.on.ca\/\" target=\"_blank\" rel=\"noopener noreferrer\">Commissaire \u00e0 l&rsquo;information et \u00e0 la protection de la vie priv\u00e9e de l&rsquo;Ontario<\/a><br \/>\n<a href=\"http:\/\/www.e-laws.gov.on.ca\/html\/statutes\/english\/elaws_statutes_04p03_e.htm\" target=\"_blank\" rel=\"noopener noreferrer\">Loi de 2004 sur la protection des renseignements personnels sur la sant\u00e9<\/a><\/p>\n<p>[\/vc_column_text][vc_empty_space height=\u00a0\u00bb4em\u00a0\u00bb alter_height=\u00a0\u00bbnone\u00a0\u00bb hide_on_mobile=\u00a0\u00bb\u00a0\u00bb hide_on_desktop=\u00a0\u00bb\u00a0\u00bb hide_on_notebook=\u00a0\u00bb\u00a0\u00bb hide_on_tablet=\u00a0\u00bb\u00a0\u00bb][\/vc_column][\/vc_row]<\/p>\n<\/section>","protected":false},"excerpt":{"rendered":"<p>[vc_row hide_bg_image_on_tablet=\u00a0\u00bb\u00a0\u00bb hide_bg_image_on_mobile=\u00a0\u00bb\u00a0\u00bb css=\u00a0\u00bb.vc_custom_1604338772597{margin-top: 2em !important;}\u00a0\u00bb][vc_column icons_position=\u00a0\u00bbleft\u00a0\u00bb][vc_empty_space height=\u00a0\u00bb2em\u00a0\u00bb alter_height=\u00a0\u00bbnone\u00a0\u00bb hide_on_mobile=\u00a0\u00bb\u00a0\u00bb hide_on_desktop=\u00a0\u00bb\u00a0\u00bb hide_on_notebook=\u00a0\u00bb\u00a0\u00bb hide_on_tablet=\u00a0\u00bb\u00a0\u00bb][vc_column_text] Votre vie priv\u00e9e est importante [\/vc_column_text][vc_empty_space height=\u00a0\u00bb1em\u00a0\u00bb alter_height=\u00a0\u00bbnone\u00a0\u00bb hide_on_mobile=\u00a0\u00bb\u00a0\u00bb hide_on_desktop=\u00a0\u00bb\u00a0\u00bb hide_on_notebook=\u00a0\u00bb\u00a0\u00bb hide_on_tablet=\u00a0\u00bb\u00a0\u00bb][vc_column_text] Les 14 r\u00e9seaux locaux d\u2019int\u00e9gration de la sant\u00e9 (RLISS) de l\u2019Ontario sont tous assujettis aux exigences de la Loi de 2004 sur la protection des renseignements personnels sur la sant\u00e9 (LPRPS), qui exige la protection&hellip;<\/p>\n","protected":false},"author":1,"featured_media":1399,"parent":0,"menu_order":0,"comment_status":"closed","ping_status":"closed","template":"","meta":{"_mi_skip_tracking":false,"_exactmetrics_sitenote_active":false,"_exactmetrics_sitenote_note":"","_exactmetrics_sitenote_category":0,"footnotes":""},"class_list":["post-1913","page","type-page","status-publish","has-post-thumbnail","hentry"],"acf":[],"aioseo_notices":[],"_links":{"self":[{"href":"https:\/\/www.nsmselfmanagement.ca\/fr\/wp-json\/wp\/v2\/pages\/1913","targetHints":{"allow":["GET"]}}],"collection":[{"href":"https:\/\/www.nsmselfmanagement.ca\/fr\/wp-json\/wp\/v2\/pages"}],"about":[{"href":"https:\/\/www.nsmselfmanagement.ca\/fr\/wp-json\/wp\/v2\/types\/page"}],"author":[{"embeddable":true,"href":"https:\/\/www.nsmselfmanagement.ca\/fr\/wp-json\/wp\/v2\/users\/1"}],"replies":[{"embeddable":true,"href":"https:\/\/www.nsmselfmanagement.ca\/fr\/wp-json\/wp\/v2\/comments?post=1913"}],"version-history":[{"count":3,"href":"https:\/\/www.nsmselfmanagement.ca\/fr\/wp-json\/wp\/v2\/pages\/1913\/revisions"}],"predecessor-version":[{"id":1916,"href":"https:\/\/www.nsmselfmanagement.ca\/fr\/wp-json\/wp\/v2\/pages\/1913\/revisions\/1916"}],"wp:featuredmedia":[{"embeddable":true,"href":"https:\/\/www.nsmselfmanagement.ca\/fr\/wp-json\/wp\/v2\/media\/1399"}],"wp:attachment":[{"href":"https:\/\/www.nsmselfmanagement.ca\/fr\/wp-json\/wp\/v2\/media?parent=1913"}],"curies":[{"name":"wp","href":"https:\/\/api.w.org\/{rel}","templated":true}]}}